{"id":8042,"date":"2024-11-22T09:51:42","date_gmt":"2024-11-22T09:51:42","guid":{"rendered":"https:\/\/brunetpublicitat.com\/?page_id=8042"},"modified":"2025-03-25T12:52:41","modified_gmt":"2025-03-25T12:52:41","slug":"publicidad-en-papel","status":"publish","type":"page","link":"https:\/\/brunetpublicitat.com\/ca\/marketing-offline\/publicidad-exterior\/publicidad-en-papel\/","title":{"rendered":"Publicitat en Paper"},"content":{"rendered":"<div class=\"qodef-row-grid-section-wrapper\"  ><div class=\"qodef-row-grid-section\"><div class=\"vc_row wpb_row vc_row-fluid vc_custom_1693385208530\" ><div class=\"wpb_column vc_column_container vc_col-sm-6\"><div class=\"vc_column-inner\"><div class=\"wpb_wrapper\"><div class=\"qodef-elements-holder   qodef-one-column  qodef-responsive-mode-768\" ><div class=\"qodef-eh-item\"  data-item-class=\"qodef-eh-custom-3897\">\n\t<div class=\"qodef-eh-item-inner\">\n\t\t<div class=\"qodef-eh-item-content qodef-eh-custom-3897\" >\n\t\t\t<div class=\"qodef-section-title-holder negocio qodef-st-standard qodef-st-title-left qodef-st-normal-space\" >\n\t<div class=\"qodef-st-inner\">\n\t\t            <div class=\"qodef-label\" style=\"margin-bottom:10px\">\n                <span class=\"qodef-label-line\" ><\/span>\n                <span class=\"qodef-label-text\" >Publicitat en paper<\/span>\n            <\/div>\n        \t\t\t<h2 class=\"qodef-st-title\" >\n\t\t\t\tPublicitat en Paper: La Soluci\u00f3 Tangible per a Impactar als teus Clients\t\t\t<\/h2>\n\t\t        \t\t\t\t\t<p class=\"qodef-st-text\" >\n\t\t\t\tEn un m\u00f3n cada vegada m\u00e9s digital, la publicitat en paper continua sent una eina poderosa per a connectar amb la teva audi\u00e8ncia de manera memorable i directa. En Brunet Publicitat, amb m\u00e9s de 25 anys d'experi\u00e8ncia, dissenyem i produ\u00efm materials publicitaris en paper que destaquen per la seva qualitat, creativitat i impacte.\t\t\t<\/p>\n\t\t\t<\/div>\n<\/div><div class=\"vc_empty_space\"   style=\"height: 36px\"><span class=\"vc_empty_space_inner\"><\/span><\/div>\t\t<\/div>\n\t<\/div>\n<\/div><\/div><\/div><\/div><\/div><div class=\"wpb_column vc_column_container vc_col-sm-6\"><div class=\"vc_column-inner\"><div class=\"wpb_wrapper\"><div class=\"qodef-elements-holder   qodef-one-column  qodef-responsive-mode-768\" ><div class=\"qodef-eh-item\"  data-item-class=\"qodef-eh-custom-9271\">\n\t<div class=\"qodef-eh-item-inner\">\n\t\t<div class=\"qodef-eh-item-content qodef-eh-custom-9271\" >\n\t\t\t<div class=\"qodef-section-title-holder negocio qodef-st-standard qodef-st-title-left qodef-st-normal-space\" >\n\t<div class=\"qodef-st-inner\">\n\t\t            <div class=\"qodef-label\" style=\"margin-bottom:10px\">\n                <span class=\"qodef-label-line\" ><\/span>\n                <span class=\"qodef-label-text\" >Publicitat en paper<\/span>\n            <\/div>\n        \t\t\t<h2 class=\"qodef-st-title\" >\n\t\t\t\tContacta per a la teva publicitat en Paper\t\t\t<\/h2>\n\t\t        \t\t\t<\/div>\n<\/div><div class=\"vc_empty_space\"   style=\"height: 36px\"><span class=\"vc_empty_space_inner\"><\/span><\/div><div  class=\"vc_wp_text wpb_content_element\"><div class=\"widget widget_text\">\t\t\t<div class=\"textwidget\"><\/p>\n<div style=\"text-align: center;\"><iframe class=\"contact-form-frame\" src=\"https:\/\/forms.zohopublic.eu\/brunet\/form\/FORMCONTACTOWEBBUSOS\/formperma\/7j9-Z0ftXSGXKm4sAdGsAenMbi5P63XvPYxE6luihsk\" frameborder=\"0\" aria-label=\"FORM CONTACTO WEB_BUSOS\"><span data-mce-type=\"bookmark\" style=\"display: inline-block; width: 0px; overflow: hidden; line-height: 0;\" class=\"mce_SELRES_start\"><\/span><\/iframe><\/div>\n<p>\n<\/div>\n\t\t<\/div><\/div>\t\t<\/div>\n\t<\/div>\n<\/div><\/div><\/div><\/div><\/div><\/div><\/div><\/div><div class=\"qodef-row-grid-section-wrapper\"  ><div class=\"qodef-row-grid-section\"><div class=\"vc_row wpb_row vc_row-fluid vc_custom_1716815534313 vc_column-gap-10\" ><div class=\"wpb_column vc_column_container vc_col-sm-12 vc_col-has-fill\"><div class=\"vc_column-inner vc_custom_1732009252523\"><div class=\"wpb_wrapper\"><div class=\"qodef-elements-holder   qodef-one-column  qodef-responsive-mode-768\" ><div class=\"qodef-eh-item\"  data-item-class=\"qodef-eh-custom-3339\">\n\t<div class=\"qodef-eh-item-inner\">\n\t\t<div class=\"qodef-eh-item-content qodef-eh-custom-3339\" >\n\t\t\t<div class=\"qodef-section-title-holder negocio qodef-st-standard qodef-st-title-left qodef-st-normal-space\" >\n\t<div class=\"qodef-st-inner\">\n\t\t            <div class=\"qodef-label\" >\n                <span class=\"qodef-label-line\" ><\/span>\n                <span class=\"qodef-label-text\" >Serveis de Publicitat Exterior<\/span>\n            <\/div>\n        \t\t\t<h2 class=\"qodef-st-title\" >\n\t\t\t\tServeis de Publicitat en Paper\t\t\t<\/h2>\n\t\t        \t\t\t\t\t<p class=\"qodef-st-text\" >\n\t\t\t\tEn Brunet Publicitat, t'oferim solucions completes i personalitzades per a les teves necessitats de publicitat en paper. Alguns dels nostres productes inclouen:\t\t\t<\/p>\n\t\t\t<\/div>\n<\/div>\t\t<\/div>\n\t<\/div>\n<\/div><\/div><\/div><\/div><\/div><\/div><\/div><\/div><div class=\"qodef-row-grid-section-wrapper\"  ><div class=\"qodef-row-grid-section\"><div class=\"vc_row wpb_row vc_row-fluid vc_custom_1716815534313 vc_column-gap-10\" ><div class=\"wpb_column vc_column_container vc_col-sm-3 vc_col-has-fill\"><div class=\"vc_column-inner vc_custom_1716816092348\"><div class=\"wpb_wrapper\"><div class=\"qodef-elements-holder   qodef-one-column  qodef-responsive-mode-768\" ><div class=\"qodef-eh-item\"  data-item-class=\"qodef-eh-custom-5607\">\n\t<div class=\"qodef-eh-item-inner\">\n\t\t<div class=\"qodef-eh-item-content qodef-eh-custom-5607\" >\n\t\t\t<div  class=\"vc_wp_text wpb_content_element\"><div class=\"widget widget_text\">\t\t\t<div class=\"textwidget\"><\/p>\n<div class=\"container-square\">\n<h3 style=\"text-align: center;\">Fullets i Fulls de m\u00e0<\/h3>\n<ul>\n<li>Dissenys cridaners i personalitzats per a captar l'atenci\u00f3.<\/li>\n<li>Perfectes per a promocions, esdeveniments i llan\u00e7aments.<\/li>\n<li>Opcions en diverses grand\u00e0ries i acabats.<\/li>\n<\/ul>\n<\/div>\n<p>\n<\/div>\n\t\t<\/div><\/div>\t\t<\/div>\n\t<\/div>\n<\/div><\/div><\/div><\/div><\/div><div class=\"wpb_column vc_column_container vc_col-sm-3 vc_col-has-fill\"><div class=\"vc_column-inner vc_custom_1716816102230\"><div class=\"wpb_wrapper\"><div class=\"qodef-elements-holder   qodef-one-column  qodef-responsive-mode-768\" ><div class=\"qodef-eh-item\"  data-item-class=\"qodef-eh-custom-8959\">\n\t<div class=\"qodef-eh-item-inner\">\n\t\t<div class=\"qodef-eh-item-content qodef-eh-custom-8959\" >\n\t\t\t<div  class=\"vc_wp_text wpb_content_element\"><div class=\"widget widget_text\">\t\t\t<div class=\"textwidget\"><\/p>\n<div class=\"container-square\">\n<h3 style=\"text-align: center;\">Cat\u00e0legs i Revistes<\/h3>\n<ul>\n<li>Ideal per a presentar productes o serveis de manera detallada.<\/li>\n<li>Impressions d'alta qualitat que reflecteixen la professionalitat de la teva marca.<\/li>\n<li>Disseny i maquetaci\u00f3 adaptats a la teva identitat visual.<\/li>\n<\/ul>\n<\/div>\n<p>\n<\/div>\n\t\t<\/div><\/div>\t\t<\/div>\n\t<\/div>\n<\/div><\/div><\/div><\/div><\/div><div class=\"wpb_column vc_column_container vc_col-sm-3 vc_col-has-fill\"><div class=\"vc_column-inner vc_custom_1732268065003\"><div class=\"wpb_wrapper\"><div class=\"qodef-elements-holder   qodef-one-column  qodef-responsive-mode-768\" ><div class=\"qodef-eh-item\"  data-item-class=\"qodef-eh-custom-7171\">\n\t<div class=\"qodef-eh-item-inner\">\n\t\t<div class=\"qodef-eh-item-content qodef-eh-custom-7171\" >\n\t\t\t<div  class=\"vc_wp_text wpb_content_element\"><div class=\"widget widget_text\">\t\t\t<div class=\"textwidget\"><\/p>\n<div class=\"container-square\">\n<h3 style=\"text-align: center;\">Targetes de Visita i Postals<\/h3>\n<ul>\n<li>Dissenys elegants per a refor\u00e7ar el teu br\u00e0nding personal o empresarial.<\/li>\n<li>Ideals per a fires, esdeveniments i campanyes de m\u00e0rqueting directe.<\/li>\n<\/ul>\n<\/div>\n<p>\n<\/div>\n\t\t<\/div><\/div>\t\t<\/div>\n\t<\/div>\n<\/div><\/div><\/div><\/div><\/div><div class=\"wpb_column vc_column_container vc_col-sm-3 vc_col-has-fill\"><div class=\"vc_column-inner vc_custom_1732268072743\"><div class=\"wpb_wrapper\"><div class=\"qodef-elements-holder   qodef-one-column  qodef-responsive-mode-768\" ><div class=\"qodef-eh-item\"  data-item-class=\"qodef-eh-custom-3544\">\n\t<div class=\"qodef-eh-item-inner\">\n\t\t<div class=\"qodef-eh-item-content qodef-eh-custom-3544\" >\n\t\t\t<div  class=\"vc_wp_text wpb_content_element\"><div class=\"widget widget_text\">\t\t\t<div class=\"textwidget\"><\/p>\n<div class=\"container-square\">\n<h3 style=\"text-align: center;\">Cartells i P\u00f2sters<\/h3>\n<ul>\n<li>Publicitat de gran format per a destacar en qualsevol espai.<\/li>\n<li>Dissenys creatius i cridaners per a captar l'atenci\u00f3 del teu p\u00fablic.<\/li>\n<\/ul>\n<\/div>\n<p>\n<\/div>\n\t\t<\/div><\/div>\t\t<\/div>\n\t<\/div>\n<\/div><\/div><\/div><\/div><\/div><\/div><\/div><\/div><div class=\"qodef-row-grid-section-wrapper\"  ><div class=\"qodef-row-grid-section\"><div class=\"vc_row wpb_row vc_row-fluid vc_custom_1693385208530\" ><div class=\"wpb_column vc_column_container vc_col-sm-12\"><div class=\"vc_column-inner\"><div class=\"wpb_wrapper\"><div class=\"qodef-elements-holder   qodef-one-column  qodef-responsive-mode-768\" ><div class=\"qodef-eh-item\"  data-item-class=\"qodef-eh-custom-1461\">\n\t<div class=\"qodef-eh-item-inner\">\n\t\t<div class=\"qodef-eh-item-content qodef-eh-custom-1461\" >\n\t\t\t<div class=\"vc_empty_space\"   style=\"height: 36px\"><span class=\"vc_empty_space_inner\"><\/span><\/div><div class=\"qodef-section-title-holder negocio qodef-st-standard qodef-st-title-left qodef-st-normal-space\" >\n\t<div class=\"qodef-st-inner\">\n\t\t\t\t\t<h2 class=\"qodef-st-title\" >\n\t\t\t\tPer Qu\u00e8 Triar la Publicitat en Paper?\t\t\t<\/h2>\n\t\t        \t\t\t\t\t<p class=\"qodef-st-text\" >\n\t\t\t\tMalgrat l'auge de la publicitat digital, el paper continua sent un mitj\u00e0 \u00fanic i efectiu. Alguns dels seus beneficis s\u00f3n:\t\t\t<\/p>\n\t\t\t<\/div>\n<\/div>\t\t<\/div>\n\t<\/div>\n<\/div><\/div><\/div><\/div><\/div><\/div><\/div><\/div><div class=\"qodef-row-grid-section-wrapper\"  ><div class=\"qodef-row-grid-section\"><div class=\"vc_row wpb_row vc_row-fluid vc_custom_1716815323878 vc_column-gap-10\" ><div class=\"wpb_column vc_column_container vc_col-sm-6 vc_col-has-fill\"><div class=\"vc_column-inner vc_custom_1732009902199\"><div class=\"wpb_wrapper\"><div class=\"qodef-elements-holder square-max  qodef-one-column  qodef-responsive-mode-768\" ><div class=\"qodef-eh-item square-max\"  data-item-class=\"qodef-eh-custom-7677\">\n\t<div class=\"qodef-eh-item-inner\">\n\t\t<div class=\"qodef-eh-item-content qodef-eh-custom-7677\" >\n\t\t\t<div class=\"qodef-section-title-holder negocio qodef-st-standard qodef-st-title-left qodef-st-normal-space\" >\n\t<div class=\"qodef-st-inner\">\n\t\t            <div class=\"qodef-label\" style=\"margin-bottom:10px\">\n                <span class=\"qodef-label-line\" ><\/span>\n                <span class=\"qodef-label-text\" >1<\/span>\n            <\/div>\n        \t\t\t<h2 class=\"qodef-st-title\" >\n\t\t\t\tTangibilitat\t\t\t<\/h2>\n\t\t                    <span class=\"qodef-st-background-text\" >\n                1            <\/span>\n        \t\t\t\t\t<p class=\"qodef-st-text\" >\n\t\t\t\tEl paper crea una connexi\u00f3 f\u00edsica amb la teva audi\u00e8ncia, generant un impacte emocional m\u00e9s profund.\t\t\t<\/p>\n\t\t\t<\/div>\n<\/div><div class=\"vc_empty_space\"   style=\"height: 36px\"><span class=\"vc_empty_space_inner\"><\/span><\/div>\t\t<\/div>\n\t<\/div>\n<\/div><\/div><\/div><\/div><\/div><div class=\"wpb_column vc_column_container vc_col-sm-6 vc_col-has-fill\"><div class=\"vc_column-inner vc_custom_1732009910962\"><div class=\"wpb_wrapper\"><div class=\"qodef-elements-holder square-max  qodef-one-column  qodef-responsive-mode-768\" ><div class=\"qodef-eh-item square-max\"  data-item-class=\"qodef-eh-custom-8501\">\n\t<div class=\"qodef-eh-item-inner\">\n\t\t<div class=\"qodef-eh-item-content qodef-eh-custom-8501\" >\n\t\t\t<div class=\"qodef-section-title-holder negocio qodef-st-standard qodef-st-title-left qodef-st-normal-space\" >\n\t<div class=\"qodef-st-inner\">\n\t\t            <div class=\"qodef-label\" style=\"margin-bottom:10px\">\n                <span class=\"qodef-label-line\" ><\/span>\n                <span class=\"qodef-label-text\" >2<\/span>\n            <\/div>\n        \t\t\t<h2 class=\"qodef-st-title\" >\n\t\t\t\tVersatilitat\t\t\t<\/h2>\n\t\t                    <span class=\"qodef-st-background-text\" >\n                2            <\/span>\n        \t\t\t\t\t<p class=\"qodef-st-text\" >\n\t\t\t\tDes de fullets fins a cat\u00e0legs, el paper ofereix infinites possibilitats per a transmetre el teu missatge.\t\t\t<\/p>\n\t\t\t<\/div>\n<\/div><div class=\"vc_empty_space\"   style=\"height: 36px\"><span class=\"vc_empty_space_inner\"><\/span><\/div>\t\t<\/div>\n\t<\/div>\n<\/div><\/div><\/div><\/div><\/div><\/div><\/div><\/div><div class=\"qodef-row-grid-section-wrapper\"  ><div class=\"qodef-row-grid-section\"><div class=\"vc_row wpb_row vc_row-fluid vc_custom_1716815323878 vc_column-gap-10\" ><div class=\"wpb_column vc_column_container vc_col-sm-6 vc_col-has-fill\"><div class=\"vc_column-inner vc_custom_1732009902199\"><div class=\"wpb_wrapper\"><div class=\"qodef-elements-holder square-max  qodef-one-column  qodef-responsive-mode-768\" ><div class=\"qodef-eh-item square-max\"  data-item-class=\"qodef-eh-custom-2724\">\n\t<div class=\"qodef-eh-item-inner\">\n\t\t<div class=\"qodef-eh-item-content qodef-eh-custom-2724\" >\n\t\t\t<div class=\"qodef-section-title-holder negocio qodef-st-standard qodef-st-title-left qodef-st-normal-space\" >\n\t<div class=\"qodef-st-inner\">\n\t\t            <div class=\"qodef-label\" style=\"margin-bottom:10px\">\n                <span class=\"qodef-label-line\" ><\/span>\n                <span class=\"qodef-label-text\" >3<\/span>\n            <\/div>\n        \t\t\t<h2 class=\"qodef-st-title\" >\n\t\t\t\tDurabilitat\t\t\t<\/h2>\n\t\t                    <span class=\"qodef-st-background-text\" >\n                3            <\/span>\n        \t\t\t\t\t<p class=\"qodef-st-text\" >\n\t\t\t\tMentre que un anunci digital pot desapar\u00e8ixer en segons, els materials impresos poden romandre en la llar o oficina durant setmanes.\t\t\t<\/p>\n\t\t\t<\/div>\n<\/div><div class=\"vc_empty_space\"   style=\"height: 36px\"><span class=\"vc_empty_space_inner\"><\/span><\/div>\t\t<\/div>\n\t<\/div>\n<\/div><\/div><\/div><\/div><\/div><div class=\"wpb_column vc_column_container vc_col-sm-6 vc_col-has-fill\"><div class=\"vc_column-inner vc_custom_1732009910962\"><div class=\"wpb_wrapper\"><div class=\"qodef-elements-holder square-max  qodef-one-column  qodef-responsive-mode-768\" ><div class=\"qodef-eh-item square-max\"  data-item-class=\"qodef-eh-custom-6104\">\n\t<div class=\"qodef-eh-item-inner\">\n\t\t<div class=\"qodef-eh-item-content qodef-eh-custom-6104\" >\n\t\t\t<div class=\"qodef-section-title-holder negocio qodef-st-standard qodef-st-title-left qodef-st-normal-space\" >\n\t<div class=\"qodef-st-inner\">\n\t\t            <div class=\"qodef-label\" style=\"margin-bottom:10px\">\n                <span class=\"qodef-label-line\" ><\/span>\n                <span class=\"qodef-label-text\" >4<\/span>\n            <\/div>\n        \t\t\t<h2 class=\"qodef-st-title\" >\n\t\t\t\tPrestigi\t\t\t<\/h2>\n\t\t                    <span class=\"qodef-st-background-text\" >\n                4            <\/span>\n        \t\t\t\t\t<p class=\"qodef-st-text\" >\n\t\t\t\tUna impressi\u00f3 de qualitat refor\u00e7a la imatge professional de la teva marca.\t\t\t<\/p>\n\t\t\t<\/div>\n<\/div><div class=\"vc_empty_space\"   style=\"height: 36px\"><span class=\"vc_empty_space_inner\"><\/span><\/div>\t\t<\/div>\n\t<\/div>\n<\/div><\/div><\/div><\/div><\/div><\/div><\/div><\/div><div class=\"qodef-row-grid-section-wrapper\"  ><div class=\"qodef-row-grid-section\"><div class=\"vc_row wpb_row vc_row-fluid vc_column-gap-15 vc_row-o-equal-height vc_row-flex\" ><div class=\"wpb_column vc_column_container vc_col-sm-12\"><div class=\"vc_column-inner vc_custom_1690808269824\"><div class=\"wpb_wrapper\">\n\t<div class=\"wpb_text_column wpb_content_element  vc_custom_1716816852706\" >\n\t\t<div class=\"wpb_wrapper\">\n\t\t\t<h2 style=\"text-align: center; text-transform: uppercase; font-size: 32px;\">ELS NOSTRES PROJECTES EXTERIORS<\/h2>\n\n\t\t<\/div>\n\t<\/div>\n<div class=\"qodef-portfolio-slider-holder\"><div class=\"qodef-portfolio-list-holder qodef-grid-list qodef-disable-bottom-space qodef-pl-gallery qodef-three-columns qodef-huge-space qodef-pl-standard-shader    qodef-pl-pag-no-pagination     qodef-pag-below-slider\"  data-type=\"gallery\" data-number-of-columns=\"three\" data-space-between-items=\"huge\" data-number-of-items=\"9\" data-image-proportions=\"square\" data-enable-fixed-proportions=\"no\" data-enable-image-shadow=\"no\" data-category=\"exterior\" data-orderby=\"date\" data-order=\"ASC\" data-item-style=\"standard-shader\" data-enable-title=\"yes\" data-title-tag=\"h3\" data-enable-category=\"yes\" data-enable-count-images=\"yes\" data-enable-excerpt=\"no\" data-excerpt-length=\"20\" data-pagination-type=\"no-pagination\" data-filter=\"no\" data-filter-order-by=\"name\" data-enable-article-animation=\"no\" data-portfolio-slider-on=\"yes\" data-enable-loop=\"no\" data-enable-autoplay=\"yes\" data-slider-speed=\"5000\" data-slider-speed-animation=\"600\" data-enable-navigation=\"yes\" data-enable-pagination=\"yes\" data-pagination-position=\"below-slider\" data-max-num-pages=\"1\" data-next-page=\"2\">\n\t\t<div class=\"qodef-pl-inner qodef-outer-space qodef-owl-slider qodef-list-is-slider clearfix\">\n\t\t<article class=\"qodef-pl-item qodef-item-space  post-2072 portfolio-item type-portfolio-item status-publish has-post-thumbnail hentry portfolio-category-autobuses portfolio-category-exterior portfolio-category-marketing-offline portfolio-tag-exterior\">\n\t<div class=\"qodef-pl-item-inner\">\n\t\t<div class=\"qodef-pli-image\">\n\t<img decoding=\"async\" width=\"650\" height=\"650\" src=\"https:\/\/brunetpublicitat.com\/wp-content\/uploads\/2018\/09\/ImatgesPortfoli_1-6-650x650.jpg\" class=\"attachment-brunn_select_image_square size-brunn_select_image_square wp-post-image\" alt=\"Autobus Vimusa\" srcset=\"https:\/\/brunetpublicitat.com\/wp-content\/uploads\/2018\/09\/ImatgesPortfoli_1-6-650x650.jpg 650w, https:\/\/brunetpublicitat.com\/wp-content\/uploads\/2018\/09\/ImatgesPortfoli_1-6-150x150.jpg 150w\" sizes=\"(max-width: 650px) 100vw, 650px\" \/><\/div>\n<div class=\"qodef-pli-text-holder\" >\n\t<div class=\"qodef-pli-text-wrapper\">\n\t\t<div class=\"qodef-pli-text\">\n\t\t\t\t<h3 itemprop=\"name\" class=\"qodef-pli-title entry-title\" >\n\t\tProjecte Vimusa\t<\/h3>\n\n\t\t\t\t\t<div class=\"qodef-pli-category-holder\">\n\t\t\t\t\t\t\t<a itemprop=\"url\" class=\"qodef-pli-category\" href=\"https:\/\/brunetpublicitat.com\/ca\/portfolio-category\/autobuses\/\">Autobusos<\/a>\n\t\t\t\t\t\t\t<a itemprop=\"url\" class=\"qodef-pli-category\" href=\"https:\/\/brunetpublicitat.com\/ca\/portfolio-category\/exterior\/\">Exterior<\/a>\n\t\t\t\t\t\t\t<a itemprop=\"url\" class=\"qodef-pli-category\" href=\"https:\/\/brunetpublicitat.com\/ca\/portfolio-category\/marketing-offline\/\">M\u00e0rqueting Offline<\/a>\n\t\t\t\t\t<\/div>\n\t\n\t\t\t\n\t\t\t\t\t<\/div>\n\t<\/div>\n<\/div>\n\t\t<a itemprop=\"url\" class=\"qodef-pli-link qodef-block-drag-link\" href=\"https:\/\/brunetpublicitat.com\/ca\/portfolio-item\/vimusa\/\" target=\"_self\"><\/a>\n\t<\/div>\n<\/article><article class=\"qodef-pl-item qodef-item-space  post-2266 portfolio-item type-portfolio-item status-publish has-post-thumbnail hentry portfolio-category-exterior portfolio-category-marketing-offline portfolio-tag-exterior\">\n\t<div class=\"qodef-pl-item-inner\">\n\t\t<div class=\"qodef-pli-image\">\n\t<img decoding=\"async\" width=\"650\" height=\"650\" src=\"https:\/\/brunetpublicitat.com\/wp-content\/uploads\/2018\/09\/senior-via-sabadell-650x650.jpg\" class=\"attachment-brunn_select_image_square size-brunn_select_image_square wp-post-image\" alt=\"via sabadell\" srcset=\"https:\/\/brunetpublicitat.com\/wp-content\/uploads\/2018\/09\/senior-via-sabadell-650x650.jpg 650w, https:\/\/brunetpublicitat.com\/wp-content\/uploads\/2018\/09\/senior-via-sabadell-150x150.jpg 150w\" sizes=\"(max-width: 650px) 100vw, 650px\" \/><\/div>\n<div class=\"qodef-pli-text-holder\" >\n\t<div class=\"qodef-pli-text-wrapper\">\n\t\t<div class=\"qodef-pli-text\">\n\t\t\t\t<h3 itemprop=\"name\" class=\"qodef-pli-title entry-title\" >\n\t\tVia Sabadell\t<\/h3>\n\n\t\t\t\t\t<div class=\"qodef-pli-category-holder\">\n\t\t\t\t\t\t\t<a itemprop=\"url\" class=\"qodef-pli-category\" href=\"https:\/\/brunetpublicitat.com\/ca\/portfolio-category\/exterior\/\">Exterior<\/a>\n\t\t\t\t\t\t\t<a itemprop=\"url\" class=\"qodef-pli-category\" href=\"https:\/\/brunetpublicitat.com\/ca\/portfolio-category\/marketing-offline\/\">M\u00e0rqueting Offline<\/a>\n\t\t\t\t\t<\/div>\n\t\n\t\t\t\n\t\t\t\t\t<\/div>\n\t<\/div>\n<\/div>\n\t\t<a itemprop=\"url\" class=\"qodef-pli-link qodef-block-drag-link\" href=\"https:\/\/brunetpublicitat.com\/ca\/portfolio-item\/via-sabadell\/\" target=\"_self\"><\/a>\n\t<\/div>\n<\/article><article class=\"qodef-pl-item qodef-item-space  post-2265 portfolio-item type-portfolio-item status-publish has-post-thumbnail hentry portfolio-category-exterior portfolio-category-marketing-offline portfolio-tag-exterior\">\n\t<div class=\"qodef-pl-item-inner\">\n\t\t<div class=\"qodef-pli-image\">\n\t<img decoding=\"async\" width=\"650\" height=\"650\" src=\"https:\/\/brunetpublicitat.com\/wp-content\/uploads\/2018\/09\/ImatgesPortfoli_1-3-650x650.jpg\" class=\"attachment-brunn_select_image_square size-brunn_select_image_square wp-post-image\" alt=\"Brunet\" srcset=\"https:\/\/brunetpublicitat.com\/wp-content\/uploads\/2018\/09\/ImatgesPortfoli_1-3-650x650.jpg 650w, https:\/\/brunetpublicitat.com\/wp-content\/uploads\/2018\/09\/ImatgesPortfoli_1-3-150x150.jpg 150w\" sizes=\"(max-width: 650px) 100vw, 650px\" \/><\/div>\n<div class=\"qodef-pli-text-holder\" >\n\t<div class=\"qodef-pli-text-wrapper\">\n\t\t<div class=\"qodef-pli-text\">\n\t\t\t\t<h3 itemprop=\"name\" class=\"qodef-pli-title entry-title\" >\n\t\tTanques exteriors de Brunet\t<\/h3>\n\n\t\t\t\t\t<div class=\"qodef-pli-category-holder\">\n\t\t\t\t\t\t\t<a itemprop=\"url\" class=\"qodef-pli-category\" href=\"https:\/\/brunetpublicitat.com\/ca\/portfolio-category\/exterior\/\">Exterior<\/a>\n\t\t\t\t\t\t\t<a itemprop=\"url\" class=\"qodef-pli-category\" href=\"https:\/\/brunetpublicitat.com\/ca\/portfolio-category\/marketing-offline\/\">M\u00e0rqueting Offline<\/a>\n\t\t\t\t\t<\/div>\n\t\n\t\t\t\n\t\t\t\t\t<\/div>\n\t<\/div>\n<\/div>\n\t\t<a itemprop=\"url\" class=\"qodef-pli-link qodef-block-drag-link\" href=\"https:\/\/brunetpublicitat.com\/ca\/portfolio-item\/brunet-2\/\" target=\"_self\"><\/a>\n\t<\/div>\n<\/article>\t<\/div>\n\t\n\t<\/div><\/div><div class=\"vc_empty_space\"   style=\"height: 36px\"><span class=\"vc_empty_space_inner\"><\/span><\/div><\/div><\/div><\/div><\/div><\/div><\/div>","protected":false},"excerpt":{"rendered":"1. Introducci\u00f3n El prop\u00f3sito de este proyecto es desarrollar una campa\u00f1a de publicidad exterior con vallas publicitarias para Brunet Publicitat, [...]","protected":false},"author":2,"featured_media":0,"parent":7543,"menu_order":0,"comment_status":"closed","ping_status":"closed","template":"full-width.php","meta":{"inline_featured_image":false,"footnotes":""},"class_list":["post-8042","page","type-page","status-publish","hentry"],"_links":{"self":[{"href":"https:\/\/brunetpublicitat.com\/ca\/wp-json\/wp\/v2\/pages\/8042"}],"collection":[{"href":"https:\/\/brunetpublicitat.com\/ca\/wp-json\/wp\/v2\/pages"}],"about":[{"href":"https:\/\/brunetpublicitat.com\/ca\/wp-json\/wp\/v2\/types\/page"}],"author":[{"embeddable":true,"href":"https:\/\/brunetpublicitat.com\/ca\/wp-json\/wp\/v2\/users\/2"}],"replies":[{"embeddable":true,"href":"https:\/\/brunetpublicitat.com\/ca\/wp-json\/wp\/v2\/comments?post=8042"}],"version-history":[{"count":0,"href":"https:\/\/brunetpublicitat.com\/ca\/wp-json\/wp\/v2\/pages\/8042\/revisions"}],"up":[{"embeddable":true,"href":"https:\/\/brunetpublicitat.com\/ca\/wp-json\/wp\/v2\/pages\/7543"}],"wp:attachment":[{"href":"https:\/\/brunetpublicitat.com\/ca\/wp-json\/wp\/v2\/media?parent=8042"}],"curies":[{"name":"wp","href":"https:\/\/api.w.org\/{rel}","templated":true}]}}