{"id":8008,"date":"2024-11-19T10:26:05","date_gmt":"2024-11-19T10:26:05","guid":{"rendered":"https:\/\/brunetpublicitat.com\/?page_id=8008"},"modified":"2025-03-25T12:51:36","modified_gmt":"2025-03-25T12:51:36","slug":"mupis-y-marquesinas","status":"publish","type":"page","link":"https:\/\/brunetpublicitat.com\/ca\/marketing-offline\/publicidad-exterior\/mupis-y-marquesinas\/","title":{"rendered":"Publicitat en Mupis i Marquesinas"},"content":{"rendered":"<div class=\"qodef-row-grid-section-wrapper\"  ><div class=\"qodef-row-grid-section\"><div class=\"vc_row wpb_row vc_row-fluid vc_custom_1693385208530\" ><div class=\"wpb_column vc_column_container vc_col-sm-6\"><div class=\"vc_column-inner\"><div class=\"wpb_wrapper\"><div class=\"qodef-elements-holder   qodef-one-column  qodef-responsive-mode-768\" ><div class=\"qodef-eh-item\"  data-item-class=\"qodef-eh-custom-3771\">\n\t<div class=\"qodef-eh-item-inner\">\n\t\t<div class=\"qodef-eh-item-content qodef-eh-custom-3771\" >\n\t\t\t<div class=\"qodef-section-title-holder negocio qodef-st-standard qodef-st-title-left qodef-st-normal-space\" >\n\t<div class=\"qodef-st-inner\">\n\t\t            <div class=\"qodef-label\" style=\"margin-bottom:10px\">\n                <span class=\"qodef-label-line\" ><\/span>\n                <span class=\"qodef-label-text\" >Mupis i Marquesines<\/span>\n            <\/div>\n        \t\t\t<h2 class=\"qodef-st-title\" >\n\t\t\t\tPublicitat en Mupis i Marquesines: Impacta amb la teva Marca als Carrers de Sabadell\t\t\t<\/h2>\n\t\t        \t\t\t\t\t<p class=\"qodef-st-text\" >\n\t\t\t\tAmb m\u00e9s de 25 anys d'experi\u00e8ncia en el sector de la publicitat exterior, en Brunet Publicitat, transformem les teves idees en campanyes impactants amb publicitat en mupis i marquesines a Sabadell. Aprofita el poder de la visibilitat als carrers m\u00e9s transitats per a connectar amb la teva audi\u00e8ncia local de manera efectiva. El nostre enfocament estrat\u00e8gic assegura que el teu missatge arribi on m\u00e9s importa, potenciant la pres\u00e8ncia de la teva marca en el dia a dia de milers de persones. Feix que la teva publicitat destaqui i genera resultats reals a Sabadell!\t\t\t<\/p>\n\t\t\t<\/div>\n<\/div><div class=\"vc_empty_space\"   style=\"height: 36px\"><span class=\"vc_empty_space_inner\"><\/span><\/div>\t\t<\/div>\n\t<\/div>\n<\/div><\/div><\/div><\/div><\/div><div class=\"wpb_column vc_column_container vc_col-sm-6\"><div class=\"vc_column-inner\"><div class=\"wpb_wrapper\"><div class=\"qodef-elements-holder   qodef-one-column  qodef-responsive-mode-768\" ><div class=\"qodef-eh-item\"  data-item-class=\"qodef-eh-custom-7725\">\n\t<div class=\"qodef-eh-item-inner\">\n\t\t<div class=\"qodef-eh-item-content qodef-eh-custom-7725\" >\n\t\t\t<div class=\"qodef-section-title-holder negocio qodef-st-standard qodef-st-title-left qodef-st-normal-space\" >\n\t<div class=\"qodef-st-inner\">\n\t\t            <div class=\"qodef-label\" style=\"margin-bottom:10px\">\n                <span class=\"qodef-label-line\" ><\/span>\n                <span class=\"qodef-label-text\" >Mupis i Marquesines<\/span>\n            <\/div>\n        \t\t\t<h2 class=\"qodef-st-title\" >\n\t\t\t\tContacta per a la teva publicitat en mupis i marquesines\t\t\t<\/h2>\n\t\t        \t\t\t<\/div>\n<\/div><div class=\"vc_empty_space\"   style=\"height: 36px\"><span class=\"vc_empty_space_inner\"><\/span><\/div><div  class=\"vc_wp_text wpb_content_element\"><div class=\"widget widget_text\">\t\t\t<div class=\"textwidget\"><\/p>\n<div style=\"text-align: center;\"><iframe class=\"contact-form-frame\" src=\"https:\/\/forms.zohopublic.eu\/brunet\/form\/FORMCONTACTOWEBBUSOS\/formperma\/7j9-Z0ftXSGXKm4sAdGsAenMbi5P63XvPYxE6luihsk\" frameborder=\"0\" aria-label=\"FORM CONTACTO WEB_BUSOS\"><span data-mce-type=\"bookmark\" scroll=\"no\" style=\"display: inline-block; width: 0px; overflow: hidden; line-height: 0;\" class=\"mce_SELRES_start\"><\/span><\/iframe><\/div>\n<p>\n<\/div>\n\t\t<\/div><\/div>\t\t<\/div>\n\t<\/div>\n<\/div><\/div><\/div><\/div><\/div><\/div><\/div><\/div><div class=\"qodef-row-grid-section-wrapper\"  ><div class=\"qodef-row-grid-section\"><div class=\"vc_row wpb_row vc_row-fluid vc_custom_1716815534313 vc_column-gap-10\" ><div class=\"wpb_column vc_column_container vc_col-sm-12 vc_col-has-fill\"><div class=\"vc_column-inner vc_custom_1732009252523\"><div class=\"wpb_wrapper\"><div class=\"qodef-elements-holder   qodef-one-column  qodef-responsive-mode-768\" ><div class=\"qodef-eh-item\"  data-item-class=\"qodef-eh-custom-7495\">\n\t<div class=\"qodef-eh-item-inner\">\n\t\t<div class=\"qodef-eh-item-content qodef-eh-custom-7495\" >\n\t\t\t<div class=\"qodef-section-title-holder negocio qodef-st-standard qodef-st-title-left qodef-st-normal-space\" >\n\t<div class=\"qodef-st-inner\">\n\t\t            <div class=\"qodef-label\" >\n                <span class=\"qodef-label-line\" ><\/span>\n                <span class=\"qodef-label-text\" >Serveis de Publicitat Exterior<\/span>\n            <\/div>\n        \t\t\t<h2 class=\"qodef-st-title\" >\n\t\t\t\tEls Nostres Serveis de Mupis i Marquesines\t\t\t<\/h2>\n\t\t        \t\t\t\t\t<p class=\"qodef-st-text\" >\n\t\t\t\tCom a empresa experta en el desenvolupament de la publicitat exterior tenim aquests serveis disponibles:\t\t\t<\/p>\n\t\t\t<\/div>\n<\/div>\t\t<\/div>\n\t<\/div>\n<\/div><\/div><\/div><\/div><\/div><\/div><\/div><\/div><div class=\"qodef-row-grid-section-wrapper\"  ><div class=\"qodef-row-grid-section\"><div class=\"vc_row wpb_row vc_row-fluid vc_custom_1716815534313 vc_column-gap-10\" ><div class=\"wpb_column vc_column_container vc_col-sm-4 vc_col-has-fill\"><div class=\"vc_column-inner vc_custom_1716816092348\"><div class=\"wpb_wrapper\"><div class=\"qodef-elements-holder   qodef-one-column  qodef-responsive-mode-768\" ><div class=\"qodef-eh-item\"  data-item-class=\"qodef-eh-custom-9455\">\n\t<div class=\"qodef-eh-item-inner\">\n\t\t<div class=\"qodef-eh-item-content qodef-eh-custom-9455\" >\n\t\t\t<div  class=\"vc_wp_text wpb_content_element\"><div class=\"widget widget_text\">\t\t\t<div class=\"textwidget\"><\/p>\n<div class=\"container-square\">\n<h3 style=\"text-align: center;\">Lloguer de Mupis per a Campanyes Publicit\u00e0ries<\/h3>\n<\/div>\n<p>\n<\/div>\n\t\t<\/div><\/div>\t\t<\/div>\n\t<\/div>\n<\/div><\/div><\/div><\/div><\/div><div class=\"wpb_column vc_column_container vc_col-sm-4 vc_col-has-fill\"><div class=\"vc_column-inner vc_custom_1716816102230\"><div class=\"wpb_wrapper\"><div class=\"qodef-elements-holder   qodef-one-column  qodef-responsive-mode-768\" ><div class=\"qodef-eh-item\"  data-item-class=\"qodef-eh-custom-7337\">\n\t<div class=\"qodef-eh-item-inner\">\n\t\t<div class=\"qodef-eh-item-content qodef-eh-custom-7337\" >\n\t\t\t<div  class=\"vc_wp_text wpb_content_element\"><div class=\"widget widget_text\">\t\t\t<div class=\"textwidget\"><\/p>\n<div class=\"container-square\">\n<h3 style=\"text-align: center;\">Anuncis en Marquesines d'Autob\u00fas<\/h3>\n<\/div>\n<p>\n<\/div>\n\t\t<\/div><\/div>\t\t<\/div>\n\t<\/div>\n<\/div><\/div><\/div><\/div><\/div><div class=\"wpb_column vc_column_container vc_col-sm-4 vc_col-has-fill\"><div class=\"vc_column-inner vc_custom_1732006750233\"><div class=\"wpb_wrapper\"><div class=\"qodef-elements-holder   qodef-one-column  qodef-responsive-mode-768\" ><div class=\"qodef-eh-item\"  data-item-class=\"qodef-eh-custom-7795\">\n\t<div class=\"qodef-eh-item-inner\">\n\t\t<div class=\"qodef-eh-item-content qodef-eh-custom-7795\" >\n\t\t\t<div  class=\"vc_wp_text wpb_content_element\"><div class=\"widget widget_text\">\t\t\t<div class=\"textwidget\"><\/p>\n<div class=\"container-square\">\n<h3 style=\"text-align: center;\">Disseny i Producci\u00f3 de Materials Publicitaris<\/h3>\n<\/div>\n<p>\n<\/div>\n\t\t<\/div><\/div>\t\t<\/div>\n\t<\/div>\n<\/div><\/div><\/div><\/div><\/div><\/div><\/div><\/div><div class=\"qodef-row-grid-section-wrapper\"  ><div class=\"qodef-row-grid-section\"><div class=\"vc_row wpb_row vc_row-fluid vc_custom_1693385208530\" ><div class=\"wpb_column vc_column_container vc_col-sm-12\"><div class=\"vc_column-inner\"><div class=\"wpb_wrapper\"><div class=\"qodef-elements-holder   qodef-one-column  qodef-responsive-mode-768\" ><div class=\"qodef-eh-item\"  data-item-class=\"qodef-eh-custom-1314\">\n\t<div class=\"qodef-eh-item-inner\">\n\t\t<div class=\"qodef-eh-item-content qodef-eh-custom-1314\" >\n\t\t\t<div class=\"vc_empty_space\"   style=\"height: 36px\"><span class=\"vc_empty_space_inner\"><\/span><\/div><div class=\"qodef-section-title-holder negocio qodef-st-standard qodef-st-title-left qodef-st-normal-space\" >\n\t<div class=\"qodef-st-inner\">\n\t\t\t\t\t<h2 class=\"qodef-st-title\" >\n\t\t\t\tPer qu\u00e8 Triar Publicitat en Mupis i Marquesines?\t\t\t<\/h2>\n\t\t        \t\t\t\t\t<p class=\"qodef-st-text\" >\n\t\t\t\tInvertir en mupis i marquesines amb Brunet Publicitat \u00e9s m\u00e9s que publicitat: \u00e9s posicionar la teva marca en el cor de Sabadell. Aquest tipus de suport ofereix una combinaci\u00f3 inigualable d'abast massiu, atractiu visual i ubicaci\u00f3 estrat\u00e8gica, garantint un retorn d'inversi\u00f3 significatiu.\t\t\t<\/p>\n\t\t\t<\/div>\n<\/div>\t\t<\/div>\n\t<\/div>\n<\/div><\/div><\/div><\/div><\/div><\/div><\/div><\/div><div class=\"qodef-row-grid-section-wrapper\"  ><div class=\"qodef-row-grid-section\"><div class=\"vc_row wpb_row vc_row-fluid vc_custom_1716815323878 vc_column-gap-10\" ><div class=\"wpb_column vc_column_container vc_col-sm-4 vc_col-has-fill\"><div class=\"vc_column-inner vc_custom_1732009902199\"><div class=\"wpb_wrapper\"><div class=\"qodef-elements-holder square-max  qodef-one-column  qodef-responsive-mode-768\" ><div class=\"qodef-eh-item square-max\"  data-item-class=\"qodef-eh-custom-8765\">\n\t<div class=\"qodef-eh-item-inner\">\n\t\t<div class=\"qodef-eh-item-content qodef-eh-custom-8765\" >\n\t\t\t<div class=\"qodef-section-title-holder negocio qodef-st-standard qodef-st-title-left qodef-st-normal-space\" >\n\t<div class=\"qodef-st-inner\">\n\t\t            <div class=\"qodef-label\" style=\"margin-bottom:10px\">\n                <span class=\"qodef-label-line\" ><\/span>\n                <span class=\"qodef-label-text\" >1<\/span>\n            <\/div>\n        \t\t\t<h2 class=\"qodef-st-title\" >\n\t\t\t\tAbast Massiu i Ubicacions Estrat\u00e8giques\t\t\t<\/h2>\n\t\t                    <span class=\"qodef-st-background-text\" >\n                1            <\/span>\n        \t\t\t\t\t<p class=\"qodef-st-text\" >\n\t\t\t\tAmb mupis i marquesines, la teva marca ser\u00e0 present en els punts de major tr\u00e0nsit a Sabadell. Arribar\u00e0s a milers de persones di\u00e0riament, assegurant-te que el teu missatge sigui vist per vianants, conductors i usuaris del transport p\u00fablic en les seves rutines di\u00e0ries.\t\t\t<\/p>\n\t\t\t<\/div>\n<\/div><div class=\"vc_empty_space\"   style=\"height: 36px\"><span class=\"vc_empty_space_inner\"><\/span><\/div>\t\t<\/div>\n\t<\/div>\n<\/div><\/div><\/div><\/div><\/div><div class=\"wpb_column vc_column_container vc_col-sm-4 vc_col-has-fill\"><div class=\"vc_column-inner vc_custom_1732009910962\"><div class=\"wpb_wrapper\"><div class=\"qodef-elements-holder square-max  qodef-one-column  qodef-responsive-mode-768\" ><div class=\"qodef-eh-item square-max\"  data-item-class=\"qodef-eh-custom-3756\">\n\t<div class=\"qodef-eh-item-inner\">\n\t\t<div class=\"qodef-eh-item-content qodef-eh-custom-3756\" >\n\t\t\t<div class=\"qodef-section-title-holder negocio qodef-st-standard qodef-st-title-left qodef-st-normal-space\" >\n\t<div class=\"qodef-st-inner\">\n\t\t            <div class=\"qodef-label\" style=\"margin-bottom:10px\">\n                <span class=\"qodef-label-line\" ><\/span>\n                <span class=\"qodef-label-text\" >2<\/span>\n            <\/div>\n        \t\t\t<h2 class=\"qodef-st-title\" >\n\t\t\t\tAtractiu Visual per a la teva Audi\u00e8ncia\t\t\t<\/h2>\n\t\t                    <span class=\"qodef-st-background-text\" >\n                2            <\/span>\n        \t\t\t\t\t<p class=\"qodef-st-text\" >\n\t\t\t\tEls mupis i marquesines estan dissenyats per a destacar. Amb espais il\u00b7luminats i ubicacions visibles, els teus anuncis tindran l'impacte visual necessari per a captar l'atenci\u00f3 de la teva audi\u00e8ncia. Feix que el teu missatge es quedi en la ment dels consumidors!\t\t\t<\/p>\n\t\t\t<\/div>\n<\/div><div class=\"vc_empty_space\"   style=\"height: 36px\"><span class=\"vc_empty_space_inner\"><\/span><\/div>\t\t<\/div>\n\t<\/div>\n<\/div><\/div><\/div><\/div><\/div><div class=\"wpb_column vc_column_container vc_col-sm-4\"><div class=\"vc_column-inner\"><div class=\"wpb_wrapper\"><div class=\"qodef-elements-holder square-max  qodef-one-column  qodef-responsive-mode-768\" ><div class=\"qodef-eh-item square-max\"  data-item-class=\"qodef-eh-custom-4254\">\n\t<div class=\"qodef-eh-item-inner\">\n\t\t<div class=\"qodef-eh-item-content qodef-eh-custom-4254\" >\n\t\t\t<div class=\"qodef-section-title-holder negocio qodef-st-standard qodef-st-title-left qodef-st-normal-space\" >\n\t<div class=\"qodef-st-inner\">\n\t\t            <div class=\"qodef-label\" style=\"margin-bottom:10px\">\n                <span class=\"qodef-label-line\" ><\/span>\n                <span class=\"qodef-label-text\" >3<\/span>\n            <\/div>\n        \t\t\t<h2 class=\"qodef-st-title\" >\n\t\t\t\tIncrementa el reconeixement de la teva Marca\t\t\t<\/h2>\n\t\t                    <span class=\"qodef-st-background-text\" >\n                3            <\/span>\n        \t\t\t\t\t<p class=\"qodef-st-text\" >\n\t\t\t\tLa repetici\u00f3 i l'exposici\u00f3 constant s\u00f3n claus per a construir una marca s\u00f2lida. La publicitat en mupis i marquesines assegura que el teu missatge sigui vist en m\u00faltiples ocasions, enfortint el reconeixement i la confian\u00e7a en la teva marca.\t\t\t<\/p>\n\t\t\t<\/div>\n<\/div><div class=\"vc_empty_space\"   style=\"height: 36px\"><span class=\"vc_empty_space_inner\"><\/span><\/div>\t\t<\/div>\n\t<\/div>\n<\/div><\/div><\/div><\/div><\/div><\/div><\/div><\/div><div class=\"qodef-row-grid-section-wrapper\"  ><div class=\"qodef-row-grid-section\"><div class=\"vc_row wpb_row vc_row-fluid vc_column-gap-15 vc_row-o-equal-height vc_row-flex\" ><div class=\"wpb_column vc_column_container vc_col-sm-12\"><div class=\"vc_column-inner vc_custom_1690808269824\"><div class=\"wpb_wrapper\">\n\t<div class=\"wpb_text_column wpb_content_element  vc_custom_1716816852706\" >\n\t\t<div class=\"wpb_wrapper\">\n\t\t\t<h2 style=\"text-align: center; text-transform: uppercase; font-size: 32px;\">ELS NOSTRES PROJECTES EXTERIORS<\/h2>\n\n\t\t<\/div>\n\t<\/div>\n<div class=\"qodef-portfolio-slider-holder\"><div class=\"qodef-portfolio-list-holder qodef-grid-list qodef-disable-bottom-space qodef-pl-gallery qodef-three-columns qodef-huge-space qodef-pl-standard-shader    qodef-pl-pag-no-pagination     qodef-pag-below-slider\"  data-type=\"gallery\" data-number-of-columns=\"three\" data-space-between-items=\"huge\" data-number-of-items=\"9\" data-image-proportions=\"square\" data-enable-fixed-proportions=\"no\" data-enable-image-shadow=\"no\" data-category=\"exterior\" data-orderby=\"date\" data-order=\"ASC\" data-item-style=\"standard-shader\" data-enable-title=\"yes\" data-title-tag=\"h3\" data-enable-category=\"yes\" data-enable-count-images=\"yes\" data-enable-excerpt=\"no\" data-excerpt-length=\"20\" data-pagination-type=\"no-pagination\" data-filter=\"no\" data-filter-order-by=\"name\" data-enable-article-animation=\"no\" data-portfolio-slider-on=\"yes\" data-enable-loop=\"no\" data-enable-autoplay=\"yes\" data-slider-speed=\"5000\" data-slider-speed-animation=\"600\" data-enable-navigation=\"yes\" data-enable-pagination=\"yes\" data-pagination-position=\"below-slider\" data-max-num-pages=\"1\" data-next-page=\"2\">\n\t\t<div class=\"qodef-pl-inner qodef-outer-space qodef-owl-slider qodef-list-is-slider clearfix\">\n\t\t<article class=\"qodef-pl-item qodef-item-space  post-2072 portfolio-item type-portfolio-item status-publish has-post-thumbnail hentry portfolio-category-autobuses portfolio-category-exterior portfolio-category-marketing-offline portfolio-tag-exterior\">\n\t<div class=\"qodef-pl-item-inner\">\n\t\t<div class=\"qodef-pli-image\">\n\t<img decoding=\"async\" width=\"650\" height=\"650\" src=\"https:\/\/brunetpublicitat.com\/wp-content\/uploads\/2018\/09\/ImatgesPortfoli_1-6-650x650.jpg\" class=\"attachment-brunn_select_image_square size-brunn_select_image_square wp-post-image\" alt=\"Autobus Vimusa\" srcset=\"https:\/\/brunetpublicitat.com\/wp-content\/uploads\/2018\/09\/ImatgesPortfoli_1-6-650x650.jpg 650w, https:\/\/brunetpublicitat.com\/wp-content\/uploads\/2018\/09\/ImatgesPortfoli_1-6-150x150.jpg 150w\" sizes=\"(max-width: 650px) 100vw, 650px\" \/><\/div>\n<div class=\"qodef-pli-text-holder\" >\n\t<div class=\"qodef-pli-text-wrapper\">\n\t\t<div class=\"qodef-pli-text\">\n\t\t\t\t<h3 itemprop=\"name\" class=\"qodef-pli-title entry-title\" >\n\t\tProjecte Vimusa\t<\/h3>\n\n\t\t\t\t\t<div class=\"qodef-pli-category-holder\">\n\t\t\t\t\t\t\t<a itemprop=\"url\" class=\"qodef-pli-category\" href=\"https:\/\/brunetpublicitat.com\/ca\/portfolio-category\/autobuses\/\">Autobusos<\/a>\n\t\t\t\t\t\t\t<a itemprop=\"url\" class=\"qodef-pli-category\" href=\"https:\/\/brunetpublicitat.com\/ca\/portfolio-category\/exterior\/\">Exterior<\/a>\n\t\t\t\t\t\t\t<a itemprop=\"url\" class=\"qodef-pli-category\" href=\"https:\/\/brunetpublicitat.com\/ca\/portfolio-category\/marketing-offline\/\">M\u00e0rqueting Offline<\/a>\n\t\t\t\t\t<\/div>\n\t\n\t\t\t\n\t\t\t\t\t<\/div>\n\t<\/div>\n<\/div>\n\t\t<a itemprop=\"url\" class=\"qodef-pli-link qodef-block-drag-link\" href=\"https:\/\/brunetpublicitat.com\/ca\/portfolio-item\/vimusa\/\" target=\"_self\"><\/a>\n\t<\/div>\n<\/article><article class=\"qodef-pl-item qodef-item-space  post-2265 portfolio-item type-portfolio-item status-publish has-post-thumbnail hentry portfolio-category-exterior portfolio-category-marketing-offline portfolio-tag-exterior\">\n\t<div class=\"qodef-pl-item-inner\">\n\t\t<div class=\"qodef-pli-image\">\n\t<img decoding=\"async\" width=\"650\" height=\"650\" src=\"https:\/\/brunetpublicitat.com\/wp-content\/uploads\/2018\/09\/ImatgesPortfoli_1-3-650x650.jpg\" class=\"attachment-brunn_select_image_square size-brunn_select_image_square wp-post-image\" alt=\"Brunet\" srcset=\"https:\/\/brunetpublicitat.com\/wp-content\/uploads\/2018\/09\/ImatgesPortfoli_1-3-650x650.jpg 650w, https:\/\/brunetpublicitat.com\/wp-content\/uploads\/2018\/09\/ImatgesPortfoli_1-3-150x150.jpg 150w\" sizes=\"(max-width: 650px) 100vw, 650px\" \/><\/div>\n<div class=\"qodef-pli-text-holder\" >\n\t<div class=\"qodef-pli-text-wrapper\">\n\t\t<div class=\"qodef-pli-text\">\n\t\t\t\t<h3 itemprop=\"name\" class=\"qodef-pli-title entry-title\" >\n\t\tTanques exteriors de Brunet\t<\/h3>\n\n\t\t\t\t\t<div class=\"qodef-pli-category-holder\">\n\t\t\t\t\t\t\t<a itemprop=\"url\" class=\"qodef-pli-category\" href=\"https:\/\/brunetpublicitat.com\/ca\/portfolio-category\/exterior\/\">Exterior<\/a>\n\t\t\t\t\t\t\t<a itemprop=\"url\" class=\"qodef-pli-category\" href=\"https:\/\/brunetpublicitat.com\/ca\/portfolio-category\/marketing-offline\/\">M\u00e0rqueting Offline<\/a>\n\t\t\t\t\t<\/div>\n\t\n\t\t\t\n\t\t\t\t\t<\/div>\n\t<\/div>\n<\/div>\n\t\t<a itemprop=\"url\" class=\"qodef-pli-link qodef-block-drag-link\" href=\"https:\/\/brunetpublicitat.com\/ca\/portfolio-item\/brunet-2\/\" target=\"_self\"><\/a>\n\t<\/div>\n<\/article><article class=\"qodef-pl-item qodef-item-space  post-2266 portfolio-item type-portfolio-item status-publish has-post-thumbnail hentry portfolio-category-exterior portfolio-category-marketing-offline portfolio-tag-exterior\">\n\t<div class=\"qodef-pl-item-inner\">\n\t\t<div class=\"qodef-pli-image\">\n\t<img decoding=\"async\" width=\"650\" height=\"650\" src=\"https:\/\/brunetpublicitat.com\/wp-content\/uploads\/2018\/09\/senior-via-sabadell-650x650.jpg\" class=\"attachment-brunn_select_image_square size-brunn_select_image_square wp-post-image\" alt=\"via sabadell\" srcset=\"https:\/\/brunetpublicitat.com\/wp-content\/uploads\/2018\/09\/senior-via-sabadell-650x650.jpg 650w, https:\/\/brunetpublicitat.com\/wp-content\/uploads\/2018\/09\/senior-via-sabadell-150x150.jpg 150w\" sizes=\"(max-width: 650px) 100vw, 650px\" \/><\/div>\n<div class=\"qodef-pli-text-holder\" >\n\t<div class=\"qodef-pli-text-wrapper\">\n\t\t<div class=\"qodef-pli-text\">\n\t\t\t\t<h3 itemprop=\"name\" class=\"qodef-pli-title entry-title\" >\n\t\tVia Sabadell\t<\/h3>\n\n\t\t\t\t\t<div class=\"qodef-pli-category-holder\">\n\t\t\t\t\t\t\t<a itemprop=\"url\" class=\"qodef-pli-category\" href=\"https:\/\/brunetpublicitat.com\/ca\/portfolio-category\/exterior\/\">Exterior<\/a>\n\t\t\t\t\t\t\t<a itemprop=\"url\" class=\"qodef-pli-category\" href=\"https:\/\/brunetpublicitat.com\/ca\/portfolio-category\/marketing-offline\/\">M\u00e0rqueting Offline<\/a>\n\t\t\t\t\t<\/div>\n\t\n\t\t\t\n\t\t\t\t\t<\/div>\n\t<\/div>\n<\/div>\n\t\t<a itemprop=\"url\" class=\"qodef-pli-link qodef-block-drag-link\" href=\"https:\/\/brunetpublicitat.com\/ca\/portfolio-item\/via-sabadell\/\" target=\"_self\"><\/a>\n\t<\/div>\n<\/article>\t<\/div>\n\t\n\t<\/div><\/div><div class=\"vc_empty_space\"   style=\"height: 36px\"><span class=\"vc_empty_space_inner\"><\/span><\/div><\/div><\/div><\/div><\/div><\/div><\/div>","protected":false},"excerpt":{"rendered":"1. Introducci\u00f3n El objetivo de este proyecto es dise\u00f1ar y ejecutar una campa\u00f1a de marketing offline para Via Sabadell, con [...]","protected":false},"author":2,"featured_media":0,"parent":7543,"menu_order":0,"comment_status":"closed","ping_status":"closed","template":"full-width.php","meta":{"inline_featured_image":false,"footnotes":""},"class_list":["post-8008","page","type-page","status-publish","hentry"],"_links":{"self":[{"href":"https:\/\/brunetpublicitat.com\/ca\/wp-json\/wp\/v2\/pages\/8008"}],"collection":[{"href":"https:\/\/brunetpublicitat.com\/ca\/wp-json\/wp\/v2\/pages"}],"about":[{"href":"https:\/\/brunetpublicitat.com\/ca\/wp-json\/wp\/v2\/types\/page"}],"author":[{"embeddable":true,"href":"https:\/\/brunetpublicitat.com\/ca\/wp-json\/wp\/v2\/users\/2"}],"replies":[{"embeddable":true,"href":"https:\/\/brunetpublicitat.com\/ca\/wp-json\/wp\/v2\/comments?post=8008"}],"version-history":[{"count":0,"href":"https:\/\/brunetpublicitat.com\/ca\/wp-json\/wp\/v2\/pages\/8008\/revisions"}],"up":[{"embeddable":true,"href":"https:\/\/brunetpublicitat.com\/ca\/wp-json\/wp\/v2\/pages\/7543"}],"wp:attachment":[{"href":"https:\/\/brunetpublicitat.com\/ca\/wp-json\/wp\/v2\/media?parent=8008"}],"curies":[{"name":"wp","href":"https:\/\/api.w.org\/{rel}","templated":true}]}}