{"id":6868,"date":"2023-08-24T09:31:29","date_gmt":"2023-08-24T09:31:29","guid":{"rendered":"https:\/\/www.brunetpublicitat.com\/?page_id=6868"},"modified":"2025-03-28T11:31:32","modified_gmt":"2025-03-28T11:31:32","slug":"web","status":"publish","type":"page","link":"https:\/\/brunetpublicitat.com\/ca\/web\/","title":{"rendered":"Web"},"content":{"rendered":"<div class=\"qodef-row-grid-section-wrapper\"  ><div class=\"qodef-row-grid-section\"><div class=\"vc_row wpb_row vc_row-fluid vc_custom_1693387403945\" ><div class=\"wpb_column vc_column_container vc_col-sm-6\"><div class=\"vc_column-inner\"><div class=\"wpb_wrapper\"><div class=\"qodef-elements-holder   qodef-one-column  qodef-responsive-mode-768\" ><div class=\"qodef-eh-item\"  data-item-class=\"qodef-eh-custom-3011\">\n\t<div class=\"qodef-eh-item-inner\">\n\t\t<div class=\"qodef-eh-item-content qodef-eh-custom-3011\" >\n\t\t\t<div class=\"qodef-section-title-holder negocio qodef-st-standard qodef-st-title-left qodef-st-normal-space\" >\n\t<div class=\"qodef-st-inner\">\n\t\t            <div class=\"qodef-label\" style=\"margin-bottom:10px\">\n                <span class=\"qodef-label-line\" ><\/span>\n                <span class=\"qodef-label-text\" >WEB<\/span>\n            <\/div>\n        \t\t\t<h2 class=\"qodef-st-title\" >\n\t\t\t\tT'ajudem amb la teva web\t\t\t<\/h2>\n\t\t        \t\t\t\t\t<p class=\"qodef-st-text\" style=\"margin-top: 20px\">\n\t\t\t\tEl manteniment d'una p\u00e0gina web \u00e9s essencial per a assegurar-se que la p\u00e0gina web d'una empresa continu\u00ef funcionant correctament i estigui actualitzada amb la informaci\u00f3 m\u00e9s recent.<br \/>\nEn Brunet Publicitat, ofrecemos servicios de mantenimiento web, SEO y CRO para asegurarnos de que la p\u00e1gina web de una empresa est\u00e9 actualizada y funcionando correctamente. Esto incluye la actualizaci\u00f3n de contenido, la optimizaci\u00f3n de motores de b\u00fasqueda y la soluci\u00f3n de problemas t\u00e9cnicos.\t\t\t<\/p>\n\t\t\t<\/div>\n<\/div><div class=\"vc_empty_space\"   style=\"height: 36px\"><span class=\"vc_empty_space_inner\"><\/span><\/div>\t\t<\/div>\n\t<\/div>\n<\/div><\/div><\/div><\/div><\/div><div class=\"wpb_column vc_column_container vc_col-sm-6\"><div class=\"vc_column-inner\"><div class=\"wpb_wrapper\"><div class=\"qodef-elements-holder   qodef-one-column  qodef-responsive-mode-768\" ><div class=\"qodef-eh-item\"  data-item-class=\"qodef-eh-custom-1320\">\n\t<div class=\"qodef-eh-item-inner\">\n\t\t<div class=\"qodef-eh-item-content qodef-eh-custom-1320\" >\n\t\t\t\n\t<div  class=\"wpb_single_image wpb_content_element vc_align_left\">\n\t\t\n\t\t<figure class=\"wpb_wrapper vc_figure\">\n\t\t\t<div class=\"vc_single_image-wrapper   vc_box_border_grey\"><img decoding=\"async\" width=\"800\" height=\"534\" src=\"https:\/\/brunetpublicitat.com\/wp-content\/uploads\/2025\/03\/coding-man.jpg\" class=\"vc_single_image-img attachment-large\" alt=\"Servicios web\" srcset=\"https:\/\/brunetpublicitat.com\/wp-content\/uploads\/2025\/03\/coding-man.jpg 800w, https:\/\/brunetpublicitat.com\/wp-content\/uploads\/2025\/03\/coding-man-300x200.jpg 300w, https:\/\/brunetpublicitat.com\/wp-content\/uploads\/2025\/03\/coding-man-768x513.jpg 768w, https:\/\/brunetpublicitat.com\/wp-content\/uploads\/2025\/03\/coding-man-18x12.jpg 18w\" sizes=\"(max-width: 800px) 100vw, 800px\" \/><\/div>\n\t\t<\/figure>\n\t<\/div>\n\t\t<\/div>\n\t<\/div>\n<\/div><\/div><\/div><\/div><\/div><\/div><\/div><\/div><div class=\"qodef-row-grid-section-wrapper\"  ><div class=\"qodef-row-grid-section\"><div class=\"vc_row wpb_row vc_row-fluid vc_custom_1693387403945\" ><div class=\"wpb_column vc_column_container vc_col-sm-12\"><div class=\"vc_column-inner\"><div class=\"wpb_wrapper\"><div class=\"qodef-elements-holder   qodef-one-column  qodef-responsive-mode-768\" ><div class=\"qodef-eh-item\"  data-item-class=\"qodef-eh-custom-1449\">\n\t<div class=\"qodef-eh-item-inner\">\n\t\t<div class=\"qodef-eh-item-content qodef-eh-custom-1449\" >\n\t\t\t<div class=\"qodef-section-title-holder negocio qodef-st-standard qodef-st-title-left qodef-st-normal-space\" >\n\t<div class=\"qodef-st-inner\">\n\t\t            <div class=\"qodef-label\" style=\"margin-bottom:10px\">\n                <span class=\"qodef-label-line\" ><\/span>\n                <span class=\"qodef-label-text\" >WEB<\/span>\n            <\/div>\n        \t\t\t<h2 class=\"qodef-st-title\" >\n\t\t\t\tServei Web\t\t\t<\/h2>\n\t\t        \t\t\t<\/div>\n<\/div>\t\t<\/div>\n\t<\/div>\n<\/div><\/div><\/div><\/div><\/div><\/div><\/div><\/div><div class=\"qodef-row-grid-section-wrapper\"  ><div class=\"qodef-row-grid-section\"><div class=\"vc_row wpb_row vc_row-fluid vc_custom_1743075621393 vc_column-gap-10\" ><div class=\"wpb_column vc_column_container vc_col-sm-4 vc_col-has-fill\"><div class=\"vc_column-inner vc_custom_1743075580873\"><div class=\"wpb_wrapper\"><div class=\"qodef-elements-holder   qodef-one-column  qodef-responsive-mode-768\" ><div class=\"qodef-eh-item\"  data-item-class=\"qodef-eh-custom-7191\">\n\t<div class=\"qodef-eh-item-inner\">\n\t\t<div class=\"qodef-eh-item-content qodef-eh-custom-7191\" >\n\t\t\t<div  class=\"vc_wp_text wpb_content_element\"><div class=\"widget widget_text\">\t\t\t<div class=\"textwidget\"><\/p>\n<div style=\"display: block; min-height: 300px;\">\n<div style=\"width: 70%; margin: auto;\">\n<h3 style=\"font-size: 30px;\"><a href=\"https:\/\/brunetpublicitat.com\/ca\/marketing-digital\/posicionamiento-seo\/\">SEO<\/a><\/h3>\n<ul style=\"list-style: square;\">\n<li style=\"text-align: left;\">Auditoria SEO<\/li>\n<li style=\"text-align: left;\">Estrat\u00e8gia SEO<\/li>\n<li style=\"text-align: left;\">An\u00e0lisi de Keyword<\/li>\n<li style=\"text-align: left;\">Arquitectura SEO<\/li>\n<li style=\"text-align: left;\">SEO T\u00e8cnic<\/li>\n<\/ul>\n<\/div>\n<\/div>\n<p>\n<\/div>\n\t\t<\/div><\/div>\t\t<\/div>\n\t<\/div>\n<\/div><\/div><\/div><\/div><\/div><div class=\"wpb_column vc_column_container vc_col-sm-4 vc_col-has-fill\"><div class=\"vc_column-inner vc_custom_1743075591086\"><div class=\"wpb_wrapper\"><div class=\"qodef-elements-holder   qodef-one-column  qodef-responsive-mode-768\" ><div class=\"qodef-eh-item\"  data-item-class=\"qodef-eh-custom-5389\">\n\t<div class=\"qodef-eh-item-inner\">\n\t\t<div class=\"qodef-eh-item-content qodef-eh-custom-5389\" >\n\t\t\t<div  class=\"vc_wp_text wpb_content_element\"><div class=\"widget widget_text\">\t\t\t<div class=\"textwidget\"><\/p>\n<div style=\"display: block; min-height: 300px;\">\n<div style=\"width: 70%; margin: auto;\">\n<h3 style=\"font-size: 30px;\"><a href=\"https:\/\/brunetpublicitat.com\/ca\/web\/optimizacion-cro\/\">CRO<\/a><\/h3>\n<ul style=\"list-style: square;\">\n<li style=\"text-align: left;\">Auditoria CRO<\/li>\n<li style=\"text-align: left;\">Implementaci\u00f3 d'eines<\/li>\n<li style=\"text-align: left;\">Estrategia de CTAs<\/li>\n<li style=\"text-align: left;\">Estructura CRO<\/li>\n<li style=\"text-align: left;\">Avaluaci\u00f3 i An\u00e0lisis<\/li>\n<\/ul>\n<\/div>\n<\/div>\n<p>\n<\/div>\n\t\t<\/div><\/div>\t\t<\/div>\n\t<\/div>\n<\/div><\/div><\/div><\/div><\/div><div class=\"wpb_column vc_column_container vc_col-sm-4 vc_col-has-fill\"><div class=\"vc_column-inner vc_custom_1743075601342\"><div class=\"wpb_wrapper\"><div class=\"qodef-elements-holder   qodef-one-column  qodef-responsive-mode-768\" ><div class=\"qodef-eh-item\"  data-item-class=\"qodef-eh-custom-8841\">\n\t<div class=\"qodef-eh-item-inner\">\n\t\t<div class=\"qodef-eh-item-content qodef-eh-custom-8841\" >\n\t\t\t<div  class=\"vc_wp_text wpb_content_element\"><div class=\"widget widget_text\">\t\t\t<div class=\"textwidget\"><\/p>\n<div style=\"display: block; min-height: 300px;\">\n<div style=\"width: 70%; margin: auto;\">\n<h3 style=\"font-size: 30px;\">Manteniment Web<\/h3>\n<ul style=\"list-style: square;\">\n<li style=\"text-align: left;\">Actualitzacions<\/li>\n<li style=\"text-align: left;\">Migraci\u00f3<\/li>\n<li style=\"text-align: left;\">Resoluci\u00f3 d'errors<\/li>\n<li style=\"text-align: left;\">Modificacions web<\/li>\n<li style=\"text-align: left;\">Seguretat Web<\/li>\n<\/ul>\n<\/div>\n<\/div>\n<p>\n<\/div>\n\t\t<\/div><\/div>\t\t<\/div>\n\t<\/div>\n<\/div><\/div><\/div><\/div><\/div><\/div><\/div><\/div><div class=\"qodef-row-grid-section-wrapper\"  ><div class=\"qodef-row-grid-section\"><div class=\"vc_row wpb_row vc_row-fluid vc_column-gap-15 vc_row-o-equal-height vc_row-flex\" ><div class=\"wpb_column vc_column_container vc_col-sm-12\"><div class=\"vc_column-inner vc_custom_1690808269824\"><div class=\"wpb_wrapper\">\n\t<div class=\"wpb_text_column wpb_content_element  vc_custom_1690808296101\" >\n\t\t<div class=\"wpb_wrapper\">\n\t\t\t<h2 style=\"text-align: center; text-transform: uppercase; font-size: 32px;\">ELS NOSTRES PROJECTES<\/h2>\n\n\t\t<\/div>\n\t<\/div>\n<div class=\"qodef-portfolio-slider-holder\"><div class=\"qodef-portfolio-list-holder qodef-grid-list qodef-disable-bottom-space qodef-pl-gallery qodef-three-columns qodef-huge-space qodef-pl-standard-shader    qodef-pl-pag-no-pagination     qodef-pag-below-slider\"  data-type=\"gallery\" data-number-of-columns=\"three\" data-space-between-items=\"huge\" data-number-of-items=\"9\" data-image-proportions=\"square\" data-enable-fixed-proportions=\"no\" data-enable-image-shadow=\"no\" data-orderby=\"date\" data-order=\"ASC\" data-item-style=\"standard-shader\" data-enable-title=\"yes\" data-title-tag=\"h4\" data-enable-category=\"yes\" data-enable-count-images=\"yes\" data-enable-excerpt=\"no\" data-excerpt-length=\"20\" data-pagination-type=\"no-pagination\" data-filter=\"no\" data-filter-order-by=\"name\" data-enable-article-animation=\"no\" data-portfolio-slider-on=\"yes\" data-enable-loop=\"no\" data-enable-autoplay=\"yes\" data-slider-speed=\"5000\" data-slider-speed-animation=\"600\" data-enable-navigation=\"yes\" data-enable-pagination=\"yes\" data-pagination-position=\"below-slider\" data-max-num-pages=\"1\" data-next-page=\"2\">\n\t\t<div class=\"qodef-pl-inner qodef-outer-space qodef-owl-slider qodef-list-is-slider clearfix\">\n\t\t<article class=\"qodef-pl-item qodef-item-space  post-2072 portfolio-item type-portfolio-item status-publish has-post-thumbnail hentry portfolio-category-autobuses portfolio-category-exterior portfolio-category-marketing-offline portfolio-tag-exterior\">\n\t<div class=\"qodef-pl-item-inner\">\n\t\t<div class=\"qodef-pli-image\">\n\t<img decoding=\"async\" width=\"650\" height=\"650\" src=\"https:\/\/brunetpublicitat.com\/wp-content\/uploads\/2018\/09\/ImatgesPortfoli_1-6-650x650.jpg\" class=\"attachment-brunn_select_image_square size-brunn_select_image_square wp-post-image\" alt=\"Autobus Vimusa\" srcset=\"https:\/\/brunetpublicitat.com\/wp-content\/uploads\/2018\/09\/ImatgesPortfoli_1-6-650x650.jpg 650w, https:\/\/brunetpublicitat.com\/wp-content\/uploads\/2018\/09\/ImatgesPortfoli_1-6-150x150.jpg 150w\" sizes=\"(max-width: 650px) 100vw, 650px\" \/><\/div>\n<div class=\"qodef-pli-text-holder\" >\n\t<div class=\"qodef-pli-text-wrapper\">\n\t\t<div class=\"qodef-pli-text\">\n\t\t\t\t<h4 itemprop=\"name\" class=\"qodef-pli-title entry-title\" >\n\t\tProjecte Vimusa\t<\/h4>\n\n\t\t\t\t\t<div class=\"qodef-pli-category-holder\">\n\t\t\t\t\t\t\t<a itemprop=\"url\" class=\"qodef-pli-category\" href=\"https:\/\/brunetpublicitat.com\/ca\/portfolio-category\/autobuses\/\">Autobusos<\/a>\n\t\t\t\t\t\t\t<a itemprop=\"url\" class=\"qodef-pli-category\" href=\"https:\/\/brunetpublicitat.com\/ca\/portfolio-category\/exterior\/\">Exterior<\/a>\n\t\t\t\t\t\t\t<a itemprop=\"url\" class=\"qodef-pli-category\" href=\"https:\/\/brunetpublicitat.com\/ca\/portfolio-category\/marketing-offline\/\">M\u00e0rqueting Offline<\/a>\n\t\t\t\t\t<\/div>\n\t\n\t\t\t\n\t\t\t\t\t<\/div>\n\t<\/div>\n<\/div>\n\t\t<a itemprop=\"url\" class=\"qodef-pli-link qodef-block-drag-link\" href=\"https:\/\/brunetpublicitat.com\/ca\/portfolio-item\/vimusa\/\" target=\"_self\"><\/a>\n\t<\/div>\n<\/article><article class=\"qodef-pl-item qodef-item-space  post-2265 portfolio-item type-portfolio-item status-publish has-post-thumbnail hentry portfolio-category-exterior portfolio-category-marketing-offline portfolio-tag-exterior\">\n\t<div class=\"qodef-pl-item-inner\">\n\t\t<div class=\"qodef-pli-image\">\n\t<img decoding=\"async\" width=\"650\" height=\"650\" src=\"https:\/\/brunetpublicitat.com\/wp-content\/uploads\/2018\/09\/ImatgesPortfoli_1-3-650x650.jpg\" class=\"attachment-brunn_select_image_square size-brunn_select_image_square wp-post-image\" alt=\"Brunet\" srcset=\"https:\/\/brunetpublicitat.com\/wp-content\/uploads\/2018\/09\/ImatgesPortfoli_1-3-650x650.jpg 650w, https:\/\/brunetpublicitat.com\/wp-content\/uploads\/2018\/09\/ImatgesPortfoli_1-3-150x150.jpg 150w\" sizes=\"(max-width: 650px) 100vw, 650px\" \/><\/div>\n<div class=\"qodef-pli-text-holder\" >\n\t<div class=\"qodef-pli-text-wrapper\">\n\t\t<div class=\"qodef-pli-text\">\n\t\t\t\t<h4 itemprop=\"name\" class=\"qodef-pli-title entry-title\" >\n\t\tTanques exteriors de Brunet\t<\/h4>\n\n\t\t\t\t\t<div class=\"qodef-pli-category-holder\">\n\t\t\t\t\t\t\t<a itemprop=\"url\" class=\"qodef-pli-category\" href=\"https:\/\/brunetpublicitat.com\/ca\/portfolio-category\/exterior\/\">Exterior<\/a>\n\t\t\t\t\t\t\t<a itemprop=\"url\" class=\"qodef-pli-category\" href=\"https:\/\/brunetpublicitat.com\/ca\/portfolio-category\/marketing-offline\/\">M\u00e0rqueting Offline<\/a>\n\t\t\t\t\t<\/div>\n\t\n\t\t\t\n\t\t\t\t\t<\/div>\n\t<\/div>\n<\/div>\n\t\t<a itemprop=\"url\" class=\"qodef-pli-link qodef-block-drag-link\" href=\"https:\/\/brunetpublicitat.com\/ca\/portfolio-item\/brunet-2\/\" target=\"_self\"><\/a>\n\t<\/div>\n<\/article><article class=\"qodef-pl-item qodef-item-space  post-2266 portfolio-item type-portfolio-item status-publish has-post-thumbnail hentry portfolio-category-exterior portfolio-category-marketing-offline portfolio-tag-exterior\">\n\t<div class=\"qodef-pl-item-inner\">\n\t\t<div class=\"qodef-pli-image\">\n\t<img decoding=\"async\" width=\"650\" height=\"650\" src=\"https:\/\/brunetpublicitat.com\/wp-content\/uploads\/2018\/09\/senior-via-sabadell-650x650.jpg\" class=\"attachment-brunn_select_image_square size-brunn_select_image_square wp-post-image\" alt=\"via sabadell\" srcset=\"https:\/\/brunetpublicitat.com\/wp-content\/uploads\/2018\/09\/senior-via-sabadell-650x650.jpg 650w, https:\/\/brunetpublicitat.com\/wp-content\/uploads\/2018\/09\/senior-via-sabadell-150x150.jpg 150w\" sizes=\"(max-width: 650px) 100vw, 650px\" \/><\/div>\n<div class=\"qodef-pli-text-holder\" >\n\t<div class=\"qodef-pli-text-wrapper\">\n\t\t<div class=\"qodef-pli-text\">\n\t\t\t\t<h4 itemprop=\"name\" class=\"qodef-pli-title entry-title\" >\n\t\tVia Sabadell\t<\/h4>\n\n\t\t\t\t\t<div class=\"qodef-pli-category-holder\">\n\t\t\t\t\t\t\t<a itemprop=\"url\" class=\"qodef-pli-category\" href=\"https:\/\/brunetpublicitat.com\/ca\/portfolio-category\/exterior\/\">Exterior<\/a>\n\t\t\t\t\t\t\t<a itemprop=\"url\" class=\"qodef-pli-category\" href=\"https:\/\/brunetpublicitat.com\/ca\/portfolio-category\/marketing-offline\/\">M\u00e0rqueting Offline<\/a>\n\t\t\t\t\t<\/div>\n\t\n\t\t\t\n\t\t\t\t\t<\/div>\n\t<\/div>\n<\/div>\n\t\t<a itemprop=\"url\" class=\"qodef-pli-link qodef-block-drag-link\" href=\"https:\/\/brunetpublicitat.com\/ca\/portfolio-item\/via-sabadell\/\" target=\"_self\"><\/a>\n\t<\/div>\n<\/article><article class=\"qodef-pl-item qodef-item-space  post-2268 portfolio-item type-portfolio-item status-publish has-post-thumbnail hentry portfolio-category-digital portfolio-category-social-media portfolio-tag-digital\">\n\t<div class=\"qodef-pl-item-inner\">\n\t\t<div class=\"qodef-pli-image\">\n\t<img decoding=\"async\" width=\"450\" height=\"450\" src=\"https:\/\/brunetpublicitat.com\/wp-content\/uploads\/2018\/09\/1-2.jpg\" class=\"attachment-brunn_select_image_square size-brunn_select_image_square wp-post-image\" alt=\"Cl\u00ednica Dental TresD\" srcset=\"https:\/\/brunetpublicitat.com\/wp-content\/uploads\/2018\/09\/1-2.jpg 450w, https:\/\/brunetpublicitat.com\/wp-content\/uploads\/2018\/09\/1-2-300x300.jpg 300w, https:\/\/brunetpublicitat.com\/wp-content\/uploads\/2018\/09\/1-2-150x150.jpg 150w\" sizes=\"(max-width: 450px) 100vw, 450px\" \/><\/div>\n<div class=\"qodef-pli-text-holder\" >\n\t<div class=\"qodef-pli-text-wrapper\">\n\t\t<div class=\"qodef-pli-text\">\n\t\t\t\t<h4 itemprop=\"name\" class=\"qodef-pli-title entry-title\" >\n\t\tCl\u00ednica Dental Tres D\t<\/h4>\n\n\t\t\t\t\t<div class=\"qodef-pli-category-holder\">\n\t\t\t\t\t\t\t<a itemprop=\"url\" class=\"qodef-pli-category\" href=\"https:\/\/brunetpublicitat.com\/ca\/portfolio-category\/digital\/\">Digital<\/a>\n\t\t\t\t\t\t\t<a itemprop=\"url\" class=\"qodef-pli-category\" href=\"https:\/\/brunetpublicitat.com\/ca\/portfolio-category\/social-media\/\">Social Media<\/a>\n\t\t\t\t\t<\/div>\n\t\n\t\t\t\n\t\t\t\t\t<\/div>\n\t<\/div>\n<\/div>\n\t\t<a itemprop=\"url\" class=\"qodef-pli-link qodef-block-drag-link\" href=\"https:\/\/brunetpublicitat.com\/ca\/portfolio-item\/dental-tresd\/\" target=\"_self\"><\/a>\n\t<\/div>\n<\/article><article class=\"qodef-pl-item qodef-item-space  post-1205 portfolio-item type-portfolio-item status-publish has-post-thumbnail hentry portfolio-category-digital portfolio-category-social-media portfolio-tag-digital\">\n\t<div class=\"qodef-pl-item-inner\">\n\t\t<div class=\"qodef-pli-image\">\n\t<img decoding=\"async\" width=\"650\" height=\"650\" src=\"https:\/\/brunetpublicitat.com\/wp-content\/uploads\/2018\/09\/FrutasPerez_1-650x650.jpg\" class=\"attachment-brunn_select_image_square size-brunn_select_image_square wp-post-image\" alt=\"Frutas Perez\" srcset=\"https:\/\/brunetpublicitat.com\/wp-content\/uploads\/2018\/09\/FrutasPerez_1-650x650.jpg 650w, https:\/\/brunetpublicitat.com\/wp-content\/uploads\/2018\/09\/FrutasPerez_1-150x150.jpg 150w, https:\/\/brunetpublicitat.com\/wp-content\/uploads\/2018\/09\/FrutasPerez_1-1300x1300.jpg 1300w, https:\/\/brunetpublicitat.com\/wp-content\/uploads\/2018\/09\/FrutasPerez_1-300x300.jpg 300w, https:\/\/brunetpublicitat.com\/wp-content\/uploads\/2018\/09\/FrutasPerez_1-100x100.jpg 100w\" sizes=\"(max-width: 650px) 100vw, 650px\" \/><\/div>\n<div class=\"qodef-pli-text-holder\" >\n\t<div class=\"qodef-pli-text-wrapper\">\n\t\t<div class=\"qodef-pli-text\">\n\t\t\t\t<h4 itemprop=\"name\" class=\"qodef-pli-title entry-title\" >\n\t\tFrutas P\u00e9rez\t<\/h4>\n\n\t\t\t\t\t<div class=\"qodef-pli-category-holder\">\n\t\t\t\t\t\t\t<a itemprop=\"url\" class=\"qodef-pli-category\" href=\"https:\/\/brunetpublicitat.com\/ca\/portfolio-category\/digital\/\">Digital<\/a>\n\t\t\t\t\t\t\t<a itemprop=\"url\" class=\"qodef-pli-category\" href=\"https:\/\/brunetpublicitat.com\/ca\/portfolio-category\/social-media\/\">Social Media<\/a>\n\t\t\t\t\t<\/div>\n\t\n\t\t\t\n\t\t\t\t\t<\/div>\n\t<\/div>\n<\/div>\n\t\t<a itemprop=\"url\" class=\"qodef-pli-link qodef-block-drag-link\" href=\"https:\/\/brunetpublicitat.com\/ca\/portfolio-item\/frutas-perez\/\" target=\"_self\"><\/a>\n\t<\/div>\n<\/article><article class=\"qodef-pl-item qodef-item-space  post-2270 portfolio-item type-portfolio-item status-publish has-post-thumbnail hentry portfolio-category-branding portfolio-tag-branding\">\n\t<div class=\"qodef-pl-item-inner\">\n\t\t<div class=\"qodef-pli-image\">\n\t<img decoding=\"async\" width=\"450\" height=\"450\" src=\"https:\/\/brunetpublicitat.com\/wp-content\/uploads\/2018\/09\/3-1.jpg\" class=\"attachment-brunn_select_image_square size-brunn_select_image_square wp-post-image\" alt=\"Pino automative\" srcset=\"https:\/\/brunetpublicitat.com\/wp-content\/uploads\/2018\/09\/3-1.jpg 450w, https:\/\/brunetpublicitat.com\/wp-content\/uploads\/2018\/09\/3-1-300x300.jpg 300w, https:\/\/brunetpublicitat.com\/wp-content\/uploads\/2018\/09\/3-1-150x150.jpg 150w\" sizes=\"(max-width: 450px) 100vw, 450px\" \/><\/div>\n<div class=\"qodef-pli-text-holder\" >\n\t<div class=\"qodef-pli-text-wrapper\">\n\t\t<div class=\"qodef-pli-text\">\n\t\t\t\t<h4 itemprop=\"name\" class=\"qodef-pli-title entry-title\" >\n\t\tProjecte Pino Automotive\t<\/h4>\n\n\t\t\t\t\t<div class=\"qodef-pli-category-holder\">\n\t\t\t\t\t\t\t<a itemprop=\"url\" class=\"qodef-pli-category\" href=\"https:\/\/brunetpublicitat.com\/ca\/portfolio-category\/branding\/\">Branding<\/a>\n\t\t\t\t\t<\/div>\n\t\n\t\t\t\n\t\t\t\t\t<\/div>\n\t<\/div>\n<\/div>\n\t\t<a itemprop=\"url\" class=\"qodef-pli-link qodef-block-drag-link\" href=\"https:\/\/brunetpublicitat.com\/ca\/portfolio-item\/pino\/\" target=\"_self\"><\/a>\n\t<\/div>\n<\/article><article class=\"qodef-pl-item qodef-item-space  post-2267 portfolio-item type-portfolio-item status-publish has-post-thumbnail hentry portfolio-category-digital portfolio-category-social-media portfolio-tag-digital\">\n\t<div class=\"qodef-pl-item-inner\">\n\t\t<div class=\"qodef-pli-image\">\n\t<img decoding=\"async\" width=\"450\" height=\"450\" src=\"https:\/\/brunetpublicitat.com\/wp-content\/uploads\/2018\/09\/1-1.jpg\" class=\"attachment-brunn_select_image_square size-brunn_select_image_square wp-post-image\" alt=\"CPS Redes sociales\" srcset=\"https:\/\/brunetpublicitat.com\/wp-content\/uploads\/2018\/09\/1-1.jpg 450w, https:\/\/brunetpublicitat.com\/wp-content\/uploads\/2018\/09\/1-1-300x300.jpg 300w, https:\/\/brunetpublicitat.com\/wp-content\/uploads\/2018\/09\/1-1-150x150.jpg 150w\" sizes=\"(max-width: 450px) 100vw, 450px\" \/><\/div>\n<div class=\"qodef-pli-text-holder\" >\n\t<div class=\"qodef-pli-text-wrapper\">\n\t\t<div class=\"qodef-pli-text\">\n\t\t\t\t<h4 itemprop=\"name\" class=\"qodef-pli-title entry-title\" >\n\t\tClub P\u00e0del Sabadell\t<\/h4>\n\n\t\t\t\t\t<div class=\"qodef-pli-category-holder\">\n\t\t\t\t\t\t\t<a itemprop=\"url\" class=\"qodef-pli-category\" href=\"https:\/\/brunetpublicitat.com\/ca\/portfolio-category\/digital\/\">Digital<\/a>\n\t\t\t\t\t\t\t<a itemprop=\"url\" class=\"qodef-pli-category\" href=\"https:\/\/brunetpublicitat.com\/ca\/portfolio-category\/social-media\/\">Social Media<\/a>\n\t\t\t\t\t<\/div>\n\t\n\t\t\t\n\t\t\t\t\t<\/div>\n\t<\/div>\n<\/div>\n\t\t<a itemprop=\"url\" class=\"qodef-pli-link qodef-block-drag-link\" href=\"https:\/\/brunetpublicitat.com\/ca\/portfolio-item\/club-padel-sabadell\/\" target=\"_self\"><\/a>\n\t<\/div>\n<\/article><article class=\"qodef-pl-item qodef-item-space  post-2269 portfolio-item type-portfolio-item status-publish has-post-thumbnail hentry portfolio-category-branding portfolio-tag-branding\">\n\t<div class=\"qodef-pl-item-inner\">\n\t\t<div class=\"qodef-pli-image\">\n\t<img decoding=\"async\" width=\"450\" height=\"450\" src=\"https:\/\/brunetpublicitat.com\/wp-content\/uploads\/2018\/09\/3-2.jpg\" class=\"attachment-brunn_select_image_square size-brunn_select_image_square wp-post-image\" alt=\"Projecte\" srcset=\"https:\/\/brunetpublicitat.com\/wp-content\/uploads\/2018\/09\/3-2.jpg 450w, https:\/\/brunetpublicitat.com\/wp-content\/uploads\/2018\/09\/3-2-300x300.jpg 300w, https:\/\/brunetpublicitat.com\/wp-content\/uploads\/2018\/09\/3-2-150x150.jpg 150w\" sizes=\"(max-width: 450px) 100vw, 450px\" \/><\/div>\n<div class=\"qodef-pli-text-holder\" >\n\t<div class=\"qodef-pli-text-wrapper\">\n\t\t<div class=\"qodef-pli-text\">\n\t\t\t\t<h4 itemprop=\"name\" class=\"qodef-pli-title entry-title\" >\n\t\tProjecta Solucions i arquitectura\t<\/h4>\n\n\t\t\t\t\t<div class=\"qodef-pli-category-holder\">\n\t\t\t\t\t\t\t<a itemprop=\"url\" class=\"qodef-pli-category\" href=\"https:\/\/brunetpublicitat.com\/ca\/portfolio-category\/branding\/\">Branding<\/a>\n\t\t\t\t\t<\/div>\n\t\n\t\t\t\n\t\t\t\t\t<\/div>\n\t<\/div>\n<\/div>\n\t\t<a itemprop=\"url\" class=\"qodef-pli-link qodef-block-drag-link\" href=\"https:\/\/brunetpublicitat.com\/ca\/portfolio-item\/projecta\/\" target=\"_self\"><\/a>\n\t<\/div>\n<\/article><article class=\"qodef-pl-item qodef-item-space  post-2271 portfolio-item type-portfolio-item status-publish has-post-thumbnail hentry portfolio-category-branding portfolio-tag-branding\">\n\t<div class=\"qodef-pl-item-inner\">\n\t\t<div class=\"qodef-pli-image\">\n\t<img decoding=\"async\" width=\"450\" height=\"450\" src=\"https:\/\/brunetpublicitat.com\/wp-content\/uploads\/2018\/09\/2.jpg\" class=\"attachment-brunn_select_image_square size-brunn_select_image_square wp-post-image\" alt=\"Tarjetas Brunet\" srcset=\"https:\/\/brunetpublicitat.com\/wp-content\/uploads\/2018\/09\/2.jpg 450w, https:\/\/brunetpublicitat.com\/wp-content\/uploads\/2018\/09\/2-300x300.jpg 300w, https:\/\/brunetpublicitat.com\/wp-content\/uploads\/2018\/09\/2-150x150.jpg 150w\" sizes=\"(max-width: 450px) 100vw, 450px\" \/><\/div>\n<div class=\"qodef-pli-text-holder\" >\n\t<div class=\"qodef-pli-text-wrapper\">\n\t\t<div class=\"qodef-pli-text\">\n\t\t\t\t<h4 itemprop=\"name\" class=\"qodef-pli-title entry-title\" >\n\t\tBrunet Restyling\t<\/h4>\n\n\t\t\t\t\t<div class=\"qodef-pli-category-holder\">\n\t\t\t\t\t\t\t<a itemprop=\"url\" class=\"qodef-pli-category\" href=\"https:\/\/brunetpublicitat.com\/ca\/portfolio-category\/branding\/\">Branding<\/a>\n\t\t\t\t\t<\/div>\n\t\n\t\t\t\n\t\t\t\t\t<\/div>\n\t<\/div>\n<\/div>\n\t\t<a itemprop=\"url\" class=\"qodef-pli-link qodef-block-drag-link\" href=\"https:\/\/brunetpublicitat.com\/ca\/portfolio-item\/brunet-restyling\/\" target=\"_self\"><\/a>\n\t<\/div>\n<\/article>\t<\/div>\n\t\n\t<\/div><\/div><\/div><\/div><\/div><\/div><\/div><\/div>","protected":false},"excerpt":{"rendered":"1. Introducci\u00f3n El objetivo de este proyecto es revitalizar la identidad visual de Brunet Publicitat a trav\u00e9s de un restyling [...]","protected":false},"author":2,"featured_media":0,"parent":0,"menu_order":0,"comment_status":"closed","ping_status":"closed","template":"full-width.php","meta":{"inline_featured_image":false,"footnotes":""},"class_list":["post-6868","page","type-page","status-publish","hentry"],"_links":{"self":[{"href":"https:\/\/brunetpublicitat.com\/ca\/wp-json\/wp\/v2\/pages\/6868"}],"collection":[{"href":"https:\/\/brunetpublicitat.com\/ca\/wp-json\/wp\/v2\/pages"}],"about":[{"href":"https:\/\/brunetpublicitat.com\/ca\/wp-json\/wp\/v2\/types\/page"}],"author":[{"embeddable":true,"href":"https:\/\/brunetpublicitat.com\/ca\/wp-json\/wp\/v2\/users\/2"}],"replies":[{"embeddable":true,"href":"https:\/\/brunetpublicitat.com\/ca\/wp-json\/wp\/v2\/comments?post=6868"}],"version-history":[{"count":0,"href":"https:\/\/brunetpublicitat.com\/ca\/wp-json\/wp\/v2\/pages\/6868\/revisions"}],"wp:attachment":[{"href":"https:\/\/brunetpublicitat.com\/ca\/wp-json\/wp\/v2\/media?parent=6868"}],"curies":[{"name":"wp","href":"https:\/\/api.w.org\/{rel}","templated":true}]}}