{"id":6833,"date":"2023-08-24T09:22:45","date_gmt":"2023-08-24T09:22:45","guid":{"rendered":"https:\/\/www.brunetpublicitat.com\/?page_id=6833"},"modified":"2025-04-04T11:20:48","modified_gmt":"2025-04-04T11:20:48","slug":"comunicacion","status":"publish","type":"page","link":"https:\/\/brunetpublicitat.com\/ca\/comunicacion\/","title":{"rendered":"Ag\u00e8ncia de comunicaci\u00f3"},"content":{"rendered":"<div class=\"qodef-row-grid-section-wrapper\"  ><div class=\"qodef-row-grid-section\"><div class=\"vc_row wpb_row vc_row-fluid vc_custom_1693384451503\" ><div class=\"wpb_column vc_column_container vc_col-sm-12\"><div class=\"vc_column-inner\"><div class=\"wpb_wrapper\">\n\t<div class=\"wpb_text_column wpb_content_element  vc_custom_1734939252354\" >\n\t\t<div class=\"wpb_wrapper\">\n\t\t\t<h2 style=\"text-align: center; text-transform: uppercase; font-size: 32px;\">Especialistes en Comunicaci\u00f3 digital a Sabadell<\/h2>\n\n\t\t<\/div>\n\t<\/div>\n<div class=\"qodef-elements-holder   qodef-two-columns  qodef-responsive-mode-768\" ><div class=\"qodef-eh-item\"  data-item-class=\"qodef-eh-custom-4222\">\n\t<div class=\"qodef-eh-item-inner\">\n\t\t<div class=\"qodef-eh-item-content qodef-eh-custom-4222\" >\n\t\t\t\n\t<div class=\"wpb_text_column wpb_content_element  vc_custom_1711546139138\" >\n\t\t<div class=\"wpb_wrapper\">\n\t\t\t<p>Som una ag\u00e8ncia especialitzada en comunicaci\u00f3 a Sabadell. En Brunet Publicitat, ens especialitzem a oferir solucions de comunicaci\u00f3 efectives i personalitzades per a elevar la teva marca i connectar amb la teva audi\u00e8ncia de manera significativa. Com a l\u00edders en el camp de la comunicaci\u00f3 a Sabadell, estem compromesos a proporcionar serveis de primera classe que t'ajudin a destacar en un mercat cada vegada m\u00e9s competitiu.<\/p>\n<p>Explora la nostra \u00e0mplia gamma de serveis de comunicaci\u00f3 dissenyats per a satisfer totes les teves necessitats empresarials. Des del desenvolupament d'una s\u00f2lida identitat de marca fins a la implementaci\u00f3 d'estrat\u00e8gies de m\u00e0rqueting digital d'avantguarda, el nostre equip expert \u00e9s aqu\u00ed per a ajudar-te a aconseguir els teus objectius.<\/p>\n<p>En Brunet Publicitat, comprenem que la comunicaci\u00f3 va m\u00e9s enll\u00e0 de transmetre informaci\u00f3; es tracta de construir relacions s\u00f2lides i duradores amb la teva audi\u00e8ncia. Confia en la nostra experi\u00e8ncia i coneixements per a guiar la teva marca cap a l'\u00e8xit a trav\u00e9s d'una comunicaci\u00f3 efectiva i estrat\u00e8gica.<\/p>\n<p>Descobreix com podem ajudar-te a destacar en el mercat amb les nostres solucions de comunicaci\u00f3 especialitzades a Sabadell i m\u00e9s enll\u00e0!<\/p>\n\n\t\t<\/div>\n\t<\/div>\n\t\t<\/div>\n\t<\/div>\n<\/div><\/div>\n\t<div class=\"wpb_text_column wpb_content_element  vc_custom_1711546518977\" >\n\t\t<div class=\"wpb_wrapper\">\n\t\t\t<h2 style=\"text-align: center; text-transform: uppercase; font-size: 32px;\">ELS NOSTRES SERVEIS EN COMUNICACI\u00d3<\/h2>\n\n\t\t<\/div>\n\t<\/div>\n<\/div><\/div><\/div><\/div><\/div><\/div><div class=\"qodef-row-grid-section-wrapper\"  ><div class=\"qodef-row-grid-section\"><div class=\"vc_row wpb_row vc_row-fluid vc_custom_1693384451503\" ><div class=\"wpb_column vc_column_container vc_col-sm-6\"><div class=\"vc_column-inner\"><div class=\"wpb_wrapper\"><div class=\"qodef-elements-holder   qodef-two-columns  qodef-responsive-mode-768\" ><div class=\"qodef-eh-item\"  data-item-class=\"qodef-eh-custom-5100\">\n\t<div class=\"qodef-eh-item-inner\">\n\t\t<div class=\"qodef-eh-item-content qodef-eh-custom-5100\" >\n\t\t\t<div class=\"qodef-section-title-holder negocio qodef-st-standard qodef-st-title-left qodef-st-normal-space\" >\n\t<div class=\"qodef-st-inner\">\n\t\t            <div class=\"qodef-label\" style=\"margin-bottom:10px\">\n                <span class=\"qodef-label-line\" ><\/span>\n                <span class=\"qodef-label-text\" >COMUNICACI\u00d3<\/span>\n            <\/div>\n        \t\t\t<h3 class=\"qodef-st-title\" >\n\t\t\t\tConsultoria estrat\u00e8gica i lideratge\t\t\t<\/h3>\n\t\t        \t\t\t\t\t<p class=\"qodef-st-text\" style=\"margin-top: 20px\">\n\t\t\t\tEn Brunet Publicitat, ajudem les empreses a desenvolupar estrat\u00e8gies efectives per a<br \/>\naconseguir els seus objectius comercials. Treballem amb els l\u00edders de l'empresa per a identificar oportunitats de creixement i crear plans detallats per a aconseguir l'\u00e8xit. Oferim serveis de consultoria en \u00e0rees com la recerca de mercat, an\u00e0lisi de la compet\u00e8ncia, planificaci\u00f3 estrat\u00e8gica i gesti\u00f3 del canvi.\t\t\t<\/p>\n\t\t\t<\/div>\n<\/div><div class=\"vc_empty_space\"   style=\"height: 36px\"><span class=\"vc_empty_space_inner\"><\/span><\/div><div class=\"qodef-section-title-holder negocio qodef-st-standard qodef-st-title-left qodef-st-normal-space\" >\n\t<div class=\"qodef-st-inner\">\n\t\t            <div class=\"qodef-label\" style=\"margin-bottom:10px\">\n                <span class=\"qodef-label-line\" ><\/span>\n                <span class=\"qodef-label-text\" >COMUNICACI\u00d3<\/span>\n            <\/div>\n        \t\t\t<h3 class=\"qodef-st-title\" >\n\t\t\t\tRedacci\u00f3 de continguts\t\t\t<\/h3>\n\t\t        \t\t\t\t\t<p class=\"qodef-st-text\" style=\"margin-top: 20px\">\n\t\t\t\tLa creaci\u00f3 de contingut de qualitat \u00e9s essencial per a qualsevol estrat\u00e8gia de m\u00e0rqueting.<br \/>\nEls nostres redactors experimentats treballen amb les empreses per a crear contingut interessant que atregui al seu p\u00fablic objectiu. Des d'articles de blog fins a descripcions de productes, el nostre equip de redacci\u00f3 de continguts s'assegura que el seu missatge sigui clar, prec\u00eds i efectiu.\t\t\t<\/p>\n\t\t\t<\/div>\n<\/div><div class=\"vc_empty_space\"   style=\"height: 36px\"><span class=\"vc_empty_space_inner\"><\/span><\/div>\t\t<\/div>\n\t<\/div>\n<\/div><\/div><\/div><\/div><\/div><div class=\"wpb_column vc_column_container vc_col-sm-6\"><div class=\"vc_column-inner\"><div class=\"wpb_wrapper\"><div class=\"qodef-elements-holder   qodef-two-columns  qodef-responsive-mode-768\" ><div class=\"qodef-eh-item\"  data-item-class=\"qodef-eh-custom-2063\">\n\t<div class=\"qodef-eh-item-inner\">\n\t\t<div class=\"qodef-eh-item-content qodef-eh-custom-2063\" >\n\t\t\t<div class=\"qodef-section-title-holder negocio qodef-st-standard qodef-st-title-left qodef-st-normal-space\" >\n\t<div class=\"qodef-st-inner\">\n\t\t            <div class=\"qodef-label\" style=\"margin-bottom:10px\">\n                <span class=\"qodef-label-line\" ><\/span>\n                <span class=\"qodef-label-text\" >COMUNICACI\u00d3<\/span>\n            <\/div>\n        \t\t\t<h3 class=\"qodef-st-title\" >\n\t\t\t\tConsultoria de relat\t\t\t<\/h3>\n\t\t        \t\t\t\t\t<p class=\"qodef-st-text\" style=\"margin-top: 20px\">\n\t\t\t\tContar una bona hist\u00f2ria \u00e9s una part important de qualsevol campanya de m\u00e0rqueting.<br \/>\nEls nostres experts en storytelling treballen amb les empreses per a crear narratives convincents que connectin amb el seu p\u00fablic i transmetin el seu missatge de manera efectiva. Ajudem les empreses a desenvolupar la seva veu i to de marca, creant hist\u00f2ries aut\u00e8ntiques i memorables que ressonaran amb la seva audi\u00e8ncia.\t\t\t<\/p>\n\t\t\t<\/div>\n<\/div><div class=\"vc_empty_space\"   style=\"height: 36px\"><span class=\"vc_empty_space_inner\"><\/span><\/div><div class=\"qodef-section-title-holder negocio qodef-st-standard qodef-st-title-left qodef-st-normal-space\" >\n\t<div class=\"qodef-st-inner\">\n\t\t            <div class=\"qodef-label\" style=\"margin-bottom:10px\">\n                <span class=\"qodef-label-line\" ><\/span>\n                <span class=\"qodef-label-text\" >COMUNICACI\u00d3<\/span>\n            <\/div>\n        \t\t\t<h3 class=\"qodef-st-title\" >\n\t\t\t\tEstrategias de comunicaci\u00f3n\t\t\t<\/h3>\n\t\t        \t\t\t\t\t<p class=\"qodef-st-text\" style=\"margin-top: 20px\">\n\t\t\t\tEn l'actualitat, les xarxes socials i la pres\u00e8ncia en l\u00ednia s\u00f3n fonamentals per a qualsevol empresa que vulgui tenir \u00e8xit en el mercat. Brunet Publicitat ofereix estrat\u00e8gies de comunicaci\u00f3 personalitzades que aprofiten les \u00faltimes eines i tecnologies en l\u00ednia per a augmentar la visibilitat i l'abast de la marca. Des de la gesti\u00f3 de xarxes socials fins a la creaci\u00f3 de p\u00e0gines web efectives, podem ajudar les empreses a destacar en l\u00ednia.\t\t\t<\/p>\n\t\t\t<\/div>\n<\/div><div class=\"vc_empty_space\"   style=\"height: 36px\"><span class=\"vc_empty_space_inner\"><\/span><\/div>\t\t<\/div>\n\t<\/div>\n<\/div><\/div><\/div><\/div><\/div><\/div><\/div><\/div><div class=\"qodef-row-grid-section-wrapper\"  ><div class=\"qodef-row-grid-section\"><div class=\"vc_row wpb_row vc_row-fluid vc_column-gap-15 vc_row-o-equal-height vc_row-flex\" ><div class=\"wpb_column vc_column_container vc_col-sm-12\"><div class=\"vc_column-inner vc_custom_1690808269824\"><div class=\"wpb_wrapper\">\n\t<div class=\"wpb_text_column wpb_content_element  vc_custom_1690808296101\" >\n\t\t<div class=\"wpb_wrapper\">\n\t\t\t<h2 style=\"text-align: center; text-transform: uppercase; font-size: 32px;\">ELS NOSTRES PROJECTES<\/h2>\n\n\t\t<\/div>\n\t<\/div>\n<div class=\"qodef-portfolio-slider-holder\"><div class=\"qodef-portfolio-list-holder qodef-grid-list qodef-disable-bottom-space qodef-pl-gallery qodef-three-columns qodef-huge-space qodef-pl-standard-shader    qodef-pl-pag-no-pagination     qodef-pag-below-slider\"  data-type=\"gallery\" data-number-of-columns=\"three\" data-space-between-items=\"huge\" data-number-of-items=\"9\" data-image-proportions=\"square\" data-enable-fixed-proportions=\"no\" data-enable-image-shadow=\"no\" data-orderby=\"date\" data-order=\"ASC\" data-item-style=\"standard-shader\" data-enable-title=\"yes\" data-title-tag=\"h3\" data-enable-category=\"yes\" data-enable-count-images=\"yes\" data-enable-excerpt=\"no\" data-excerpt-length=\"20\" data-pagination-type=\"no-pagination\" data-filter=\"no\" data-filter-order-by=\"name\" data-enable-article-animation=\"no\" data-portfolio-slider-on=\"yes\" data-enable-loop=\"no\" data-enable-autoplay=\"yes\" data-slider-speed=\"5000\" data-slider-speed-animation=\"600\" data-enable-navigation=\"yes\" data-enable-pagination=\"yes\" data-pagination-position=\"below-slider\" data-max-num-pages=\"1\" data-next-page=\"2\">\n\t\t<div class=\"qodef-pl-inner qodef-outer-space qodef-owl-slider qodef-list-is-slider clearfix\">\n\t\t<article class=\"qodef-pl-item qodef-item-space  post-2072 portfolio-item type-portfolio-item status-publish has-post-thumbnail hentry portfolio-category-autobuses portfolio-category-exterior portfolio-category-marketing-offline portfolio-tag-exterior\">\n\t<div class=\"qodef-pl-item-inner\">\n\t\t<div class=\"qodef-pli-image\">\n\t<img decoding=\"async\" width=\"650\" height=\"650\" src=\"https:\/\/brunetpublicitat.com\/wp-content\/uploads\/2018\/09\/ImatgesPortfoli_1-6-650x650.jpg\" class=\"attachment-brunn_select_image_square size-brunn_select_image_square wp-post-image\" alt=\"Autobus Vimusa\" srcset=\"https:\/\/brunetpublicitat.com\/wp-content\/uploads\/2018\/09\/ImatgesPortfoli_1-6-650x650.jpg 650w, https:\/\/brunetpublicitat.com\/wp-content\/uploads\/2018\/09\/ImatgesPortfoli_1-6-150x150.jpg 150w\" sizes=\"(max-width: 650px) 100vw, 650px\" \/><\/div>\n<div class=\"qodef-pli-text-holder\" >\n\t<div class=\"qodef-pli-text-wrapper\">\n\t\t<div class=\"qodef-pli-text\">\n\t\t\t\t<h3 itemprop=\"name\" class=\"qodef-pli-title entry-title\" >\n\t\tProjecte Vimusa\t<\/h3>\n\n\t\t\t\t\t<div class=\"qodef-pli-category-holder\">\n\t\t\t\t\t\t\t<a itemprop=\"url\" class=\"qodef-pli-category\" href=\"https:\/\/brunetpublicitat.com\/ca\/portfolio-category\/autobuses\/\">Autobusos<\/a>\n\t\t\t\t\t\t\t<a itemprop=\"url\" class=\"qodef-pli-category\" href=\"https:\/\/brunetpublicitat.com\/ca\/portfolio-category\/exterior\/\">Exterior<\/a>\n\t\t\t\t\t\t\t<a itemprop=\"url\" class=\"qodef-pli-category\" href=\"https:\/\/brunetpublicitat.com\/ca\/portfolio-category\/marketing-offline\/\">M\u00e0rqueting Offline<\/a>\n\t\t\t\t\t<\/div>\n\t\n\t\t\t\n\t\t\t\t\t<\/div>\n\t<\/div>\n<\/div>\n\t\t<a itemprop=\"url\" class=\"qodef-pli-link qodef-block-drag-link\" href=\"https:\/\/brunetpublicitat.com\/ca\/portfolio-item\/vimusa\/\" target=\"_self\"><\/a>\n\t<\/div>\n<\/article><article class=\"qodef-pl-item qodef-item-space  post-2265 portfolio-item type-portfolio-item status-publish has-post-thumbnail hentry portfolio-category-exterior portfolio-category-marketing-offline portfolio-tag-exterior\">\n\t<div class=\"qodef-pl-item-inner\">\n\t\t<div class=\"qodef-pli-image\">\n\t<img decoding=\"async\" width=\"650\" height=\"650\" src=\"https:\/\/brunetpublicitat.com\/wp-content\/uploads\/2018\/09\/ImatgesPortfoli_1-3-650x650.jpg\" class=\"attachment-brunn_select_image_square size-brunn_select_image_square wp-post-image\" alt=\"Brunet\" srcset=\"https:\/\/brunetpublicitat.com\/wp-content\/uploads\/2018\/09\/ImatgesPortfoli_1-3-650x650.jpg 650w, https:\/\/brunetpublicitat.com\/wp-content\/uploads\/2018\/09\/ImatgesPortfoli_1-3-150x150.jpg 150w\" sizes=\"(max-width: 650px) 100vw, 650px\" \/><\/div>\n<div class=\"qodef-pli-text-holder\" >\n\t<div class=\"qodef-pli-text-wrapper\">\n\t\t<div class=\"qodef-pli-text\">\n\t\t\t\t<h3 itemprop=\"name\" class=\"qodef-pli-title entry-title\" >\n\t\tTanques exteriors de Brunet\t<\/h3>\n\n\t\t\t\t\t<div class=\"qodef-pli-category-holder\">\n\t\t\t\t\t\t\t<a itemprop=\"url\" class=\"qodef-pli-category\" href=\"https:\/\/brunetpublicitat.com\/ca\/portfolio-category\/exterior\/\">Exterior<\/a>\n\t\t\t\t\t\t\t<a itemprop=\"url\" class=\"qodef-pli-category\" href=\"https:\/\/brunetpublicitat.com\/ca\/portfolio-category\/marketing-offline\/\">M\u00e0rqueting Offline<\/a>\n\t\t\t\t\t<\/div>\n\t\n\t\t\t\n\t\t\t\t\t<\/div>\n\t<\/div>\n<\/div>\n\t\t<a itemprop=\"url\" class=\"qodef-pli-link qodef-block-drag-link\" href=\"https:\/\/brunetpublicitat.com\/ca\/portfolio-item\/brunet-2\/\" target=\"_self\"><\/a>\n\t<\/div>\n<\/article><article class=\"qodef-pl-item qodef-item-space  post-2266 portfolio-item type-portfolio-item status-publish has-post-thumbnail hentry portfolio-category-exterior portfolio-category-marketing-offline portfolio-tag-exterior\">\n\t<div class=\"qodef-pl-item-inner\">\n\t\t<div class=\"qodef-pli-image\">\n\t<img decoding=\"async\" width=\"650\" height=\"650\" src=\"https:\/\/brunetpublicitat.com\/wp-content\/uploads\/2018\/09\/senior-via-sabadell-650x650.jpg\" class=\"attachment-brunn_select_image_square size-brunn_select_image_square wp-post-image\" alt=\"via sabadell\" srcset=\"https:\/\/brunetpublicitat.com\/wp-content\/uploads\/2018\/09\/senior-via-sabadell-650x650.jpg 650w, https:\/\/brunetpublicitat.com\/wp-content\/uploads\/2018\/09\/senior-via-sabadell-150x150.jpg 150w\" sizes=\"(max-width: 650px) 100vw, 650px\" \/><\/div>\n<div class=\"qodef-pli-text-holder\" >\n\t<div class=\"qodef-pli-text-wrapper\">\n\t\t<div class=\"qodef-pli-text\">\n\t\t\t\t<h3 itemprop=\"name\" class=\"qodef-pli-title entry-title\" >\n\t\tVia Sabadell\t<\/h3>\n\n\t\t\t\t\t<div class=\"qodef-pli-category-holder\">\n\t\t\t\t\t\t\t<a itemprop=\"url\" class=\"qodef-pli-category\" href=\"https:\/\/brunetpublicitat.com\/ca\/portfolio-category\/exterior\/\">Exterior<\/a>\n\t\t\t\t\t\t\t<a itemprop=\"url\" class=\"qodef-pli-category\" href=\"https:\/\/brunetpublicitat.com\/ca\/portfolio-category\/marketing-offline\/\">M\u00e0rqueting Offline<\/a>\n\t\t\t\t\t<\/div>\n\t\n\t\t\t\n\t\t\t\t\t<\/div>\n\t<\/div>\n<\/div>\n\t\t<a itemprop=\"url\" class=\"qodef-pli-link qodef-block-drag-link\" href=\"https:\/\/brunetpublicitat.com\/ca\/portfolio-item\/via-sabadell\/\" target=\"_self\"><\/a>\n\t<\/div>\n<\/article><article class=\"qodef-pl-item qodef-item-space  post-2268 portfolio-item type-portfolio-item status-publish has-post-thumbnail hentry portfolio-category-digital portfolio-category-social-media portfolio-tag-digital\">\n\t<div class=\"qodef-pl-item-inner\">\n\t\t<div class=\"qodef-pli-image\">\n\t<img decoding=\"async\" width=\"450\" height=\"450\" src=\"https:\/\/brunetpublicitat.com\/wp-content\/uploads\/2018\/09\/1-2.jpg\" class=\"attachment-brunn_select_image_square size-brunn_select_image_square wp-post-image\" alt=\"Cl\u00ednica Dental TresD\" srcset=\"https:\/\/brunetpublicitat.com\/wp-content\/uploads\/2018\/09\/1-2.jpg 450w, https:\/\/brunetpublicitat.com\/wp-content\/uploads\/2018\/09\/1-2-300x300.jpg 300w, https:\/\/brunetpublicitat.com\/wp-content\/uploads\/2018\/09\/1-2-150x150.jpg 150w\" sizes=\"(max-width: 450px) 100vw, 450px\" \/><\/div>\n<div class=\"qodef-pli-text-holder\" >\n\t<div class=\"qodef-pli-text-wrapper\">\n\t\t<div class=\"qodef-pli-text\">\n\t\t\t\t<h3 itemprop=\"name\" class=\"qodef-pli-title entry-title\" >\n\t\tCl\u00ednica Dental Tres D\t<\/h3>\n\n\t\t\t\t\t<div class=\"qodef-pli-category-holder\">\n\t\t\t\t\t\t\t<a itemprop=\"url\" class=\"qodef-pli-category\" href=\"https:\/\/brunetpublicitat.com\/ca\/portfolio-category\/digital\/\">Digital<\/a>\n\t\t\t\t\t\t\t<a itemprop=\"url\" class=\"qodef-pli-category\" href=\"https:\/\/brunetpublicitat.com\/ca\/portfolio-category\/social-media\/\">Social Media<\/a>\n\t\t\t\t\t<\/div>\n\t\n\t\t\t\n\t\t\t\t\t<\/div>\n\t<\/div>\n<\/div>\n\t\t<a itemprop=\"url\" class=\"qodef-pli-link qodef-block-drag-link\" href=\"https:\/\/brunetpublicitat.com\/ca\/portfolio-item\/dental-tresd\/\" target=\"_self\"><\/a>\n\t<\/div>\n<\/article><article class=\"qodef-pl-item qodef-item-space  post-1205 portfolio-item type-portfolio-item status-publish has-post-thumbnail hentry portfolio-category-digital portfolio-category-social-media portfolio-tag-digital\">\n\t<div class=\"qodef-pl-item-inner\">\n\t\t<div class=\"qodef-pli-image\">\n\t<img decoding=\"async\" width=\"650\" height=\"650\" src=\"https:\/\/brunetpublicitat.com\/wp-content\/uploads\/2018\/09\/FrutasPerez_1-650x650.jpg\" class=\"attachment-brunn_select_image_square size-brunn_select_image_square wp-post-image\" alt=\"Frutas Perez\" srcset=\"https:\/\/brunetpublicitat.com\/wp-content\/uploads\/2018\/09\/FrutasPerez_1-650x650.jpg 650w, https:\/\/brunetpublicitat.com\/wp-content\/uploads\/2018\/09\/FrutasPerez_1-150x150.jpg 150w, https:\/\/brunetpublicitat.com\/wp-content\/uploads\/2018\/09\/FrutasPerez_1-1300x1300.jpg 1300w, https:\/\/brunetpublicitat.com\/wp-content\/uploads\/2018\/09\/FrutasPerez_1-300x300.jpg 300w, https:\/\/brunetpublicitat.com\/wp-content\/uploads\/2018\/09\/FrutasPerez_1-100x100.jpg 100w\" sizes=\"(max-width: 650px) 100vw, 650px\" \/><\/div>\n<div class=\"qodef-pli-text-holder\" >\n\t<div class=\"qodef-pli-text-wrapper\">\n\t\t<div class=\"qodef-pli-text\">\n\t\t\t\t<h3 itemprop=\"name\" class=\"qodef-pli-title entry-title\" >\n\t\tFrutas P\u00e9rez\t<\/h3>\n\n\t\t\t\t\t<div class=\"qodef-pli-category-holder\">\n\t\t\t\t\t\t\t<a itemprop=\"url\" class=\"qodef-pli-category\" href=\"https:\/\/brunetpublicitat.com\/ca\/portfolio-category\/digital\/\">Digital<\/a>\n\t\t\t\t\t\t\t<a itemprop=\"url\" class=\"qodef-pli-category\" href=\"https:\/\/brunetpublicitat.com\/ca\/portfolio-category\/social-media\/\">Social Media<\/a>\n\t\t\t\t\t<\/div>\n\t\n\t\t\t\n\t\t\t\t\t<\/div>\n\t<\/div>\n<\/div>\n\t\t<a itemprop=\"url\" class=\"qodef-pli-link qodef-block-drag-link\" href=\"https:\/\/brunetpublicitat.com\/ca\/portfolio-item\/frutas-perez\/\" target=\"_self\"><\/a>\n\t<\/div>\n<\/article><article class=\"qodef-pl-item qodef-item-space  post-2270 portfolio-item type-portfolio-item status-publish has-post-thumbnail hentry portfolio-category-branding portfolio-tag-branding\">\n\t<div class=\"qodef-pl-item-inner\">\n\t\t<div class=\"qodef-pli-image\">\n\t<img decoding=\"async\" width=\"450\" height=\"450\" src=\"https:\/\/brunetpublicitat.com\/wp-content\/uploads\/2018\/09\/3-1.jpg\" class=\"attachment-brunn_select_image_square size-brunn_select_image_square wp-post-image\" alt=\"Pino automative\" srcset=\"https:\/\/brunetpublicitat.com\/wp-content\/uploads\/2018\/09\/3-1.jpg 450w, https:\/\/brunetpublicitat.com\/wp-content\/uploads\/2018\/09\/3-1-300x300.jpg 300w, https:\/\/brunetpublicitat.com\/wp-content\/uploads\/2018\/09\/3-1-150x150.jpg 150w\" sizes=\"(max-width: 450px) 100vw, 450px\" \/><\/div>\n<div class=\"qodef-pli-text-holder\" >\n\t<div class=\"qodef-pli-text-wrapper\">\n\t\t<div class=\"qodef-pli-text\">\n\t\t\t\t<h3 itemprop=\"name\" class=\"qodef-pli-title entry-title\" >\n\t\tProjecte Pino Automotive\t<\/h3>\n\n\t\t\t\t\t<div class=\"qodef-pli-category-holder\">\n\t\t\t\t\t\t\t<a itemprop=\"url\" class=\"qodef-pli-category\" href=\"https:\/\/brunetpublicitat.com\/ca\/portfolio-category\/branding\/\">Branding<\/a>\n\t\t\t\t\t<\/div>\n\t\n\t\t\t\n\t\t\t\t\t<\/div>\n\t<\/div>\n<\/div>\n\t\t<a itemprop=\"url\" class=\"qodef-pli-link qodef-block-drag-link\" href=\"https:\/\/brunetpublicitat.com\/ca\/portfolio-item\/pino\/\" target=\"_self\"><\/a>\n\t<\/div>\n<\/article><article class=\"qodef-pl-item qodef-item-space  post-2267 portfolio-item type-portfolio-item status-publish has-post-thumbnail hentry portfolio-category-digital portfolio-category-social-media portfolio-tag-digital\">\n\t<div class=\"qodef-pl-item-inner\">\n\t\t<div class=\"qodef-pli-image\">\n\t<img decoding=\"async\" width=\"450\" height=\"450\" src=\"https:\/\/brunetpublicitat.com\/wp-content\/uploads\/2018\/09\/1-1.jpg\" class=\"attachment-brunn_select_image_square size-brunn_select_image_square wp-post-image\" alt=\"CPS Redes sociales\" srcset=\"https:\/\/brunetpublicitat.com\/wp-content\/uploads\/2018\/09\/1-1.jpg 450w, https:\/\/brunetpublicitat.com\/wp-content\/uploads\/2018\/09\/1-1-300x300.jpg 300w, https:\/\/brunetpublicitat.com\/wp-content\/uploads\/2018\/09\/1-1-150x150.jpg 150w\" sizes=\"(max-width: 450px) 100vw, 450px\" \/><\/div>\n<div class=\"qodef-pli-text-holder\" >\n\t<div class=\"qodef-pli-text-wrapper\">\n\t\t<div class=\"qodef-pli-text\">\n\t\t\t\t<h3 itemprop=\"name\" class=\"qodef-pli-title entry-title\" >\n\t\tClub P\u00e0del Sabadell\t<\/h3>\n\n\t\t\t\t\t<div class=\"qodef-pli-category-holder\">\n\t\t\t\t\t\t\t<a itemprop=\"url\" class=\"qodef-pli-category\" href=\"https:\/\/brunetpublicitat.com\/ca\/portfolio-category\/digital\/\">Digital<\/a>\n\t\t\t\t\t\t\t<a itemprop=\"url\" class=\"qodef-pli-category\" href=\"https:\/\/brunetpublicitat.com\/ca\/portfolio-category\/social-media\/\">Social Media<\/a>\n\t\t\t\t\t<\/div>\n\t\n\t\t\t\n\t\t\t\t\t<\/div>\n\t<\/div>\n<\/div>\n\t\t<a itemprop=\"url\" class=\"qodef-pli-link qodef-block-drag-link\" href=\"https:\/\/brunetpublicitat.com\/ca\/portfolio-item\/club-padel-sabadell\/\" target=\"_self\"><\/a>\n\t<\/div>\n<\/article><article class=\"qodef-pl-item qodef-item-space  post-2269 portfolio-item type-portfolio-item status-publish has-post-thumbnail hentry portfolio-category-branding portfolio-tag-branding\">\n\t<div class=\"qodef-pl-item-inner\">\n\t\t<div class=\"qodef-pli-image\">\n\t<img decoding=\"async\" width=\"450\" height=\"450\" src=\"https:\/\/brunetpublicitat.com\/wp-content\/uploads\/2018\/09\/3-2.jpg\" class=\"attachment-brunn_select_image_square size-brunn_select_image_square wp-post-image\" alt=\"Projecte\" srcset=\"https:\/\/brunetpublicitat.com\/wp-content\/uploads\/2018\/09\/3-2.jpg 450w, https:\/\/brunetpublicitat.com\/wp-content\/uploads\/2018\/09\/3-2-300x300.jpg 300w, https:\/\/brunetpublicitat.com\/wp-content\/uploads\/2018\/09\/3-2-150x150.jpg 150w\" sizes=\"(max-width: 450px) 100vw, 450px\" \/><\/div>\n<div class=\"qodef-pli-text-holder\" >\n\t<div class=\"qodef-pli-text-wrapper\">\n\t\t<div class=\"qodef-pli-text\">\n\t\t\t\t<h3 itemprop=\"name\" class=\"qodef-pli-title entry-title\" >\n\t\tProjecta Solucions i arquitectura\t<\/h3>\n\n\t\t\t\t\t<div class=\"qodef-pli-category-holder\">\n\t\t\t\t\t\t\t<a itemprop=\"url\" class=\"qodef-pli-category\" href=\"https:\/\/brunetpublicitat.com\/ca\/portfolio-category\/branding\/\">Branding<\/a>\n\t\t\t\t\t<\/div>\n\t\n\t\t\t\n\t\t\t\t\t<\/div>\n\t<\/div>\n<\/div>\n\t\t<a itemprop=\"url\" class=\"qodef-pli-link qodef-block-drag-link\" href=\"https:\/\/brunetpublicitat.com\/ca\/portfolio-item\/projecta\/\" target=\"_self\"><\/a>\n\t<\/div>\n<\/article><article class=\"qodef-pl-item qodef-item-space  post-2271 portfolio-item type-portfolio-item status-publish has-post-thumbnail hentry portfolio-category-branding portfolio-tag-branding\">\n\t<div class=\"qodef-pl-item-inner\">\n\t\t<div class=\"qodef-pli-image\">\n\t<img decoding=\"async\" width=\"450\" height=\"450\" src=\"https:\/\/brunetpublicitat.com\/wp-content\/uploads\/2018\/09\/2.jpg\" class=\"attachment-brunn_select_image_square size-brunn_select_image_square wp-post-image\" alt=\"Tarjetas Brunet\" srcset=\"https:\/\/brunetpublicitat.com\/wp-content\/uploads\/2018\/09\/2.jpg 450w, https:\/\/brunetpublicitat.com\/wp-content\/uploads\/2018\/09\/2-300x300.jpg 300w, https:\/\/brunetpublicitat.com\/wp-content\/uploads\/2018\/09\/2-150x150.jpg 150w\" sizes=\"(max-width: 450px) 100vw, 450px\" \/><\/div>\n<div class=\"qodef-pli-text-holder\" >\n\t<div class=\"qodef-pli-text-wrapper\">\n\t\t<div class=\"qodef-pli-text\">\n\t\t\t\t<h3 itemprop=\"name\" class=\"qodef-pli-title entry-title\" >\n\t\tBrunet Restyling\t<\/h3>\n\n\t\t\t\t\t<div class=\"qodef-pli-category-holder\">\n\t\t\t\t\t\t\t<a itemprop=\"url\" class=\"qodef-pli-category\" href=\"https:\/\/brunetpublicitat.com\/ca\/portfolio-category\/branding\/\">Branding<\/a>\n\t\t\t\t\t<\/div>\n\t\n\t\t\t\n\t\t\t\t\t<\/div>\n\t<\/div>\n<\/div>\n\t\t<a itemprop=\"url\" class=\"qodef-pli-link qodef-block-drag-link\" href=\"https:\/\/brunetpublicitat.com\/ca\/portfolio-item\/brunet-restyling\/\" target=\"_self\"><\/a>\n\t<\/div>\n<\/article>\t<\/div>\n\t\n\t<\/div><\/div><\/div><\/div><\/div><\/div><\/div><\/div>","protected":false},"excerpt":{"rendered":"1. Introducci\u00f3n El objetivo de este proyecto es revitalizar la identidad visual de Brunet Publicitat a trav\u00e9s de un restyling [...]","protected":false},"author":2,"featured_media":0,"parent":0,"menu_order":0,"comment_status":"closed","ping_status":"closed","template":"full-width.php","meta":{"inline_featured_image":false,"footnotes":""},"class_list":["post-6833","page","type-page","status-publish","hentry"],"_links":{"self":[{"href":"https:\/\/brunetpublicitat.com\/ca\/wp-json\/wp\/v2\/pages\/6833"}],"collection":[{"href":"https:\/\/brunetpublicitat.com\/ca\/wp-json\/wp\/v2\/pages"}],"about":[{"href":"https:\/\/brunetpublicitat.com\/ca\/wp-json\/wp\/v2\/types\/page"}],"author":[{"embeddable":true,"href":"https:\/\/brunetpublicitat.com\/ca\/wp-json\/wp\/v2\/users\/2"}],"replies":[{"embeddable":true,"href":"https:\/\/brunetpublicitat.com\/ca\/wp-json\/wp\/v2\/comments?post=6833"}],"version-history":[{"count":0,"href":"https:\/\/brunetpublicitat.com\/ca\/wp-json\/wp\/v2\/pages\/6833\/revisions"}],"wp:attachment":[{"href":"https:\/\/brunetpublicitat.com\/ca\/wp-json\/wp\/v2\/media?parent=6833"}],"curies":[{"name":"wp","href":"https:\/\/api.w.org\/{rel}","templated":true}]}}