{"id":1811,"date":"2018-09-20T15:43:51","date_gmt":"2018-09-20T15:43:51","guid":{"rendered":"https:\/\/brunn.qodeinteractive.com\/?page_id=1811"},"modified":"2024-05-22T13:00:15","modified_gmt":"2024-05-22T13:00:15","slug":"politica-privacidad","status":"publish","type":"page","link":"https:\/\/brunetpublicitat.com\/ca\/politica-privacidad\/","title":{"rendered":"Av\u00eds legal i Pol\u00edtica de privacitat"},"content":{"rendered":"<div class=\"qodef-row-grid-section-wrapper\"  ><div class=\"qodef-row-grid-section\"><div class=\"vc_row wpb_row vc_row-fluid vc_custom_1537523133188\" ><div class=\"wpb_column vc_column_container vc_col-sm-12\"><div class=\"vc_column-inner\"><div class=\"wpb_wrapper\"><div class=\"qodef-elements-holder   qodef-one-column  qodef-responsive-mode-768\" ><div class=\"qodef-eh-item\"  data-item-class=\"qodef-eh-custom-6985\" data-1025-1366=\"0px 11px 0px 0px\" data-681-768=\"0px 93px 0px 0px\" data-680=\"0px 35px 0px 0px\">\n\t<div class=\"qodef-eh-item-inner\">\n\t\t<div class=\"qodef-eh-item-content qodef-eh-custom-6985\" style=\"padding: 0px 98px 0px 0px\">\n\t\t\t<div class=\"qodef-accordion-holder qodef-ac-default  qodef-accordion  qodef-ac-simple  clearfix\">\n\t<h3 class=\"qodef-accordion-title\">\n    <span class=\"qodef-accordion-mark\">\n\t\t<span class=\"qodef_icon_plus ion-android-add\"><\/span>\n\t\t<span class=\"qodef_icon_minus ion-android-remove\"><\/span>\n\t<\/span>\n\t<span class=\"qodef-tab-title\">INFORMACI\u00d3N LEGAL LSSIYCE<\/span>\n<\/h3>\n<div class=\"qodef-accordion-content\">\n\t<div class=\"qodef-accordion-content-inner\">\n\t\t<div class=\"vc_row wpb_row vc_inner vc_row-fluid\" ><div class=\"wpb_column vc_column_container vc_col-sm-12\"><div class=\"vc_column-inner\"><div class=\"wpb_wrapper\">\n\t<div class=\"wpb_text_column wpb_content_element\" >\n\t\t<div class=\"wpb_wrapper\">\n\t\t\t<p>De acuerdo con las obligaciones previstas en la Ley 34\/2002 de Servicios de la Sociedad de la Informaci\u00f3n y del Comercio Electr\u00f3nico (en adelante LSSIYCE), BRUNET PUBLICITAT SL con CIF B-60973278 y domicilio social en C\/Sant Oleguer, 77C Sabadell 08202 (Barcelona) y correo electr\u00f3nico <a href=\"mailto:brunet@brunetpublicitat.com\">brunet@brunetpublicitat.com<\/a>, \u00a0manifiesta que son de su propiedad:<\/p>\n<p>El dominio <a href=\"https:\/\/brunetpublicitat.com\/ca\/\">https:\/\/www.brunetpublicitat.com\/<\/a><\/p>\n<p>Los perfiles y p\u00e1gina en las siguientes:<\/p>\n<ul>\n<li><a href=\"https:\/\/www.instagram.com\/brunetpublicitat\/?hl=es\">Instagram<\/a><\/li>\n<li><a href=\"https:\/\/es-es.facebook.com\/brunetsabadell\">Facebook<\/a><\/li>\n<li><a href=\"https:\/\/twitter.com\/brunetpubli?lang=es\">Twitter<\/a><\/li>\n<li><a href=\"https:\/\/www.linkedin.com\/company\/brunetpublicitat\/\">Linkedin<\/a><\/li>\n<\/ul>\n<p>Que BRUNET PUBLICITAT SL est\u00e1 inscrita en el Registro Mercantil de Barcelona, Tomo 28683, folio 216, hoja B-138610.<\/p>\n<p>BRUNET PUBLICITAT SL no puede asumir ninguna responsabilidad derivada del uso incorrecto o il\u00edcito de la informaci\u00f3n que aparezca en sus p\u00e1ginas web o presencia online en las diversas redes sociales. Con los l\u00edmites establecido en la ley, BRUNET PUBLICITAT SL no asume ninguna responsabilidad por la falta de veracidad, integridad, actualizaci\u00f3n y precisi\u00f3n de los datos o informaciones que se contienen en sus p\u00e1ginas de Internet.<\/p>\n<p>Los contenidos e informaci\u00f3n de las p\u00e1ginas de Internet y redes sociales de BRUNET PUBLICITAT SL elaborados por profesionales debidamente cualificados para el ejercicio de su profesi\u00f3n. Sin embargo, los contenidos e informaci\u00f3n no vinculan a la susodicha, ni constituyen opiniones, consejos o asesoramiento legal de ning\u00fan tipo, pues se trata meramente de un servicio ofrecido con car\u00e1cter informativo y divulgativo.<\/p>\n<p>Las p\u00e1ginas de Internet y redes sociales de BRUNET PUBLICITAT SL pueden contener enlaces (links) a otras p\u00e1ginas de terceras. Por lo tanto, \u00e9sta no puede asumir responsabilidades por el contenido que pueda aparecer en p\u00e1ginas de terceros. Los textos, im\u00e1genes, sonidos, animaciones, software y el resto de contenidos incluidos en este website son propiedad exclusiva de BRUNET PUBLICITAT SL o sus licenciantes. Cualquier acto de transmisi\u00f3n, distribuci\u00f3n, cesi\u00f3n, reproducci\u00f3n, almacenamiento o comunicaci\u00f3n p\u00fablica total o parcial, debe contar con el consentimiento expreso de BRUNET PUBLICITAT SL.<\/p>\n<p>De la misma manera, se reserva el derecho a retirar el acceso al portal sin necesidad de previo aviso a cualquier usuario que contravenga lo dispuesto en el presente aviso legal.<\/p>\n\n\t\t<\/div>\n\t<\/div>\n<\/div><\/div><\/div><\/div>\t<\/div>\n<\/div><h3 class=\"qodef-accordion-title\">\n    <span class=\"qodef-accordion-mark\">\n\t\t<span class=\"qodef_icon_plus ion-android-add\"><\/span>\n\t\t<span class=\"qodef_icon_minus ion-android-remove\"><\/span>\n\t<\/span>\n\t<span class=\"qodef-tab-title\">REDES SOCIALES<\/span>\n<\/h3>\n<div class=\"qodef-accordion-content\">\n\t<div class=\"qodef-accordion-content-inner\">\n\t\t<div class=\"vc_row wpb_row vc_inner vc_row-fluid\" ><div class=\"wpb_column vc_column_container vc_col-sm-12\"><div class=\"vc_column-inner\"><div class=\"wpb_wrapper\">\n\t<div class=\"wpb_text_column wpb_content_element\" >\n\t\t<div class=\"wpb_wrapper\">\n\t\t\t<p>El usuario deber\u00e1 disponer de su perfil en las redes sociales para poder interactuar con BRUNET PUBLICITAT SL y que acepte la relaci\u00f3n con nuestra red social. Si as\u00ed se ejecuta, BRUNET PUBLICITAT SL tendr\u00e1 acceso al perfil del usuario de acuerdo con los par\u00e1metros estipulados por la propia red social y podr\u00e1 interactuar con \u00e9l mediante el env\u00edo de mensajes, publicaciones, participaci\u00f3n en concursos y sorteos. Si el usuario no desea que BRUNET PUBLICITAT SL pueda acceder a su perfil o interrelacionarse con \u00e9l ser\u00e1 necesario que se desvincule del perfil dejando de seguir o eliminar como amistad, seguidor o usuario a BRUNET PUBLICITAT SL.<\/p>\n<p>Las actuaciones que realice BRUNET PUBLICITAT SL podr\u00e1n tener car\u00e1cter informativo y\/o publicitario de sus servicios o productos, considerando que la red social es un medio publicitario, bajo la responsabilidad de BRUNET PUBLICITAT SL en cuanto a las publicaciones y comunicaciones que se realicen por estos medios online.<\/p>\n<p>La participaci\u00f3n de los usuarios en concursos, promociones o sorteos implicar\u00e1 que el usuario acepta las bases legales de este concurso, promoci\u00f3n o sorteo que ser\u00e1n publicados en la red social de referencia en el momento oportuno y con su participaci\u00f3n implicar\u00e1 que el usuario ha aceptado las mismas.<\/p>\n<p>Se recuerda a los usuarios que las publicaciones que realicen en las redes sociales estar\u00e1n bajo su responsabilidad y ser\u00e1 necesario que respeten la legislaci\u00f3n y los derechos de terceros que puedan afectar con especial relevancia a los derechos de propiedad intelectual, de protecci\u00f3n de datos y de la propia imagen de terceros, as\u00ed como las normas de las propias redes sociales que consten en los siguientes enlaces:<\/p>\n<ul>\n<li><a href=\"https:\/\/www.facebook.com\/legal\/terms\">Facebook<\/a><\/li>\n<li><a href=\"https:\/\/help.instagram.com\/\">Instagram<\/a><\/li>\n<li><a href=\"https:\/\/twitter.com\/es\/tos\">Twitter<\/a><\/li>\n<li><a href=\"https:\/\/www.linkedin.com\/legal\/user-agreement\">Linkedin<\/a><\/li>\n<\/ul>\n\n\t\t<\/div>\n\t<\/div>\n<\/div><\/div><\/div><\/div>\t<\/div>\n<\/div><h3 class=\"qodef-accordion-title\">\n    <span class=\"qodef-accordion-mark\">\n\t\t<span class=\"qodef_icon_plus ion-android-add\"><\/span>\n\t\t<span class=\"qodef_icon_minus ion-android-remove\"><\/span>\n\t<\/span>\n\t<span class=\"qodef-tab-title\">PROTECCI\u00d3N DE DATOS PERSONALES<\/span>\n<\/h3>\n<div class=\"qodef-accordion-content\">\n\t<div class=\"qodef-accordion-content-inner\">\n\t\t<div class=\"vc_row wpb_row vc_inner vc_row-fluid\" ><div class=\"wpb_column vc_column_container vc_col-sm-12\"><div class=\"vc_column-inner\"><div class=\"wpb_wrapper\">\n\t<div class=\"wpb_text_column wpb_content_element\" >\n\t\t<div class=\"wpb_wrapper\">\n\t\t\t<p>En virtud de la normativa de protecci\u00f3n de datos de car\u00e1cter personal, por la presente autoriza a que los datos personales facilitados sean incorporados en ficheros responsabilidad de BRUNET PUBLICITAT SL y domicilio en C\/Sant Oleguer, 77C Sabadell 08202 (Barcelona):<\/p>\n<ul>\n<li>Formulario de Contacto o en petici\u00f3n de contacto v\u00eda email: Sus datos ser\u00e1n incorporados en el fichero de Contactos con la finalidad de gestionar su petici\u00f3n y poderle dar respuesta. Sus datos ser\u00e1n conservados hasta que se resuelva la petici\u00f3n, y no ser\u00e1n transmitidos a terceros.<\/li>\n<li>Si son tratados en nuestras redes sociales, de acuerdo con lo anterior, estos se incorporar\u00e1n al fichero de Redes Sociales y Responsabilidad de Marketing de esta entidad, con el fin de gestionar dicha informaci\u00f3n y datos obtenidos de la interacci\u00f3n de los usuarios de estas redes con los perfiles\/p\u00e1gina de la entidad. Estos datos se conservar\u00e1n mientras se mantenga el inter\u00e9s leg\u00edtimo que permiti\u00f3 su procesamiento.<\/li>\n<\/ul>\n<p>En cualquier caso, podr\u00e1 indicar la revocaci\u00f3n del consentimiento dado, si \u00e9sta fue la base que legitim\u00f3 el tratamiento o ejercitar los derechos previstos:<\/p>\n<ul>\n<li><u>De acceso:<\/u> el interesado tiene derecho a saber si el responsable trata datos personales suyos y, si es as\u00ed, tiene derecho a acceder a estos datos, as\u00ed como a obtener informaci\u00f3n al respecto de los tratamientos realizados.<\/li>\n<li><u>Rectificaci\u00f3n:<\/u> Est\u00e1 vinculado al car\u00e1cter de inexactitud o incompleto de los datos. El interesado tiene derecho a rectificar sus datos personales inexactos y que se completen sus datos personales incompletos.<\/li>\n<li><u>Supresi\u00f3n<\/u>: El interesado tiene derecho a obtener la supresi\u00f3n de sus datos personales (\u00abderecho al olvido\u00bb), cuando estos ya no son necesarios para la finalidad para la cual se recogieron, se revoca el consentimiento en el cual se basaba el tratamiento, el interesado se opone al tratamiento, los datos se han tratado il\u00edcitamente, se tienen que suprimir para cumplir una obligaci\u00f3n legal o se han obtenido en relaci\u00f3n con la oferta de servicios de la sociedad de la informaci\u00f3n dirigida a menores.<\/li>\n<li><u>Limitaci\u00f3n del tratamiento<\/u>: es un derecho de la persona interesada consistente en marcar sus datos de car\u00e1cter personal conservados con la finalidad de limitar el tratamiento en el futuro. La limitaci\u00f3n del tratamiento supone que, a petici\u00f3n de la persona interesada, sus datos personales indicados se dejen de tratar.<\/li>\n<li><u>Oposici\u00f3n<\/u>: el interesado tiene derecho a oponerse al tratamiento de sus datos cuando se base en algunos supuestos concretos y se invoque un motivo relacionado con su situaci\u00f3n personal.<\/li>\n<li><u>Portabilidad de los datos:<\/u> el interesado tiene derecho a recibir sus datos personales facilitados al responsable del tratamiento en un formato estructurado, de uso com\u00fan y de lectura mec\u00e1nica, si se basa en el consentimiento o en un contrato o cuando el tratamiento se realiza por medios automatizados.<\/li>\n<li><u>A no ser objeto de decisiones individuales automatizadas:<\/u> el interesado tiene derecho a no ser objeto de una decisi\u00f3n basada en el tratamiento automatizado de sus datos, incluida la elaboraci\u00f3n de perfiles que produzca efectos jur\u00eddicos en \u00e9l o que le afecte negativamente.<\/li>\n<\/ul>\n<p>Estas peticiones ser deber\u00e1n realizar en C\/Sant Oleguer, 77C Sabadell 08202 (Barcelona) o en <a href=\"mailto:brunet@brunetpublicitat.com\">brunet@brunetpublicitat.com.<\/a><\/p>\n<p>Asimismo, tambi\u00e9n podr\u00e1 presentar una reclamaci\u00f3n ante la Agencia Espa\u00f1ola de Protecci\u00f3n de Datos.<\/p>\n\n\t\t<\/div>\n\t<\/div>\n<\/div><\/div><\/div><\/div>\t<\/div>\n<\/div><h3 class=\"qodef-accordion-title\">\n    <span class=\"qodef-accordion-mark\">\n\t\t<span class=\"qodef_icon_plus ion-android-add\"><\/span>\n\t\t<span class=\"qodef_icon_minus ion-android-remove\"><\/span>\n\t<\/span>\n\t<span class=\"qodef-tab-title\">PROPIEDAD INDUSTRIAL E INTELECTUAL<\/span>\n<\/h3>\n<div class=\"qodef-accordion-content\">\n\t<div class=\"qodef-accordion-content-inner\">\n\t\t<div class=\"vc_row wpb_row vc_inner vc_row-fluid\" ><div class=\"wpb_column vc_column_container vc_col-sm-12\"><div class=\"vc_column-inner\"><div class=\"wpb_wrapper\">\n\t<div class=\"wpb_text_column wpb_content_element\" >\n\t\t<div class=\"wpb_wrapper\">\n\t\t\t<p>Este sitio web es propiedad de BRUNET PUBLICITAT SL.\u00a0Los derechos de propiedad intelectual y los derechos de explotaci\u00f3n y reproducci\u00f3n de este sitio web, sus p\u00e1ginas, su presencia en redes sociales, pantallas, la informaci\u00f3n que contienen, su apariencia y dise\u00f1o, as\u00ed como los enlaces (\u00abhiperv\u00ednculos\u00bb) establecidos desde ella a otras p\u00e1ginas web de cualquier centro adscrito u organismo dependiente, son propiedad exclusiva de \u00e9sta salvo que expresamente se estableciese otra cosa.<\/p>\n<p>Todas las denominaciones, dise\u00f1os y\/o logotipos, as\u00ed como cualquier producto o servicio ofrecido y reflejado en este sitio web, son marcas comerciales debidamente registradas por BRUNET PUBLICITAT SL por sus subsidiarias y\/o dominadas o por terceros.<\/p>\n<p>Cualquier uso indebido del mismo por personas distintas de su leg\u00edtimo titular y sin el consentimiento expreso e inequ\u00edvoco de \u00e9ste podr\u00e1 ser denunciado y enjuiciado por todos los medios legales existentes en el ordenamiento jur\u00eddico espa\u00f1ol y\/o comunitario.<\/p>\n<p>Los derechos de propiedad intelectual y marcas comerciales de terceros se destacan convenientemente y deben ser respetados por cualquier persona que acceda a esta p\u00e1gina, no siendo responsable de BRUNET PUBLICITAT SL el uso que el usuario pueda llevar a cabo a este respecto, siendo la \u00fanica responsabilidad sobre su persona.<\/p>\n<p>S\u00f3lo para uso personal y privado est\u00e1 permitido descargar los contenidos, copiar o imprimir cualquier p\u00e1gina de este sitio web y redes sociales.\u00a0Queda prohibido reproducir, transmitir, modificar o eliminar la informaci\u00f3n, contenidos o advertencias de este sitio web sin la autorizaci\u00f3n previa por escrito de BRUNET PUBLICITAT SL.<\/p>\n<p>BRUNET PUBLICITAT SL no transfiere a los usuarios la propiedad de su software. El usuario es el propietario del medio en el que se graba el software.\u00a0 BRUNET PUBLICITAT SL posee todos los derechos de propiedad industrial e intelectual, incluido el software. Si el usuario transfiere software de este sitio web a su terminal, no podr\u00e1 diseccionar por su estudio y descompilar, traducir la versi\u00f3n del c\u00f3digo objeto original o su idioma a otro c\u00f3digo o idioma.<\/p>\n\n\t\t<\/div>\n\t<\/div>\n<\/div><\/div><\/div><\/div>\t<\/div>\n<\/div><h3 class=\"qodef-accordion-title\">\n    <span class=\"qodef-accordion-mark\">\n\t\t<span class=\"qodef_icon_plus ion-android-add\"><\/span>\n\t\t<span class=\"qodef_icon_minus ion-android-remove\"><\/span>\n\t<\/span>\n\t<span class=\"qodef-tab-title\">LEY APLICABLE Y JURISDICCI\u00d3N<\/span>\n<\/h3>\n<div class=\"qodef-accordion-content\">\n\t<div class=\"qodef-accordion-content-inner\">\n\t\t<div class=\"vc_row wpb_row vc_inner vc_row-fluid\" ><div class=\"wpb_column vc_column_container vc_col-sm-12\"><div class=\"vc_column-inner\"><div class=\"wpb_wrapper\">\n\t<div class=\"wpb_text_column wpb_content_element\" >\n\t\t<div class=\"wpb_wrapper\">\n\t\t\t<p>Las presentes condiciones generales se rigen por la Legislaci\u00f3n espa\u00f1ola, siendo competentes los Juzgados y Tribunales espa\u00f1oles para conocer de cuantas cuestiones se susciten sobre la interpretaci\u00f3n, aplicaci\u00f3n y cumplimiento de las mismas. El usuario, por virtud de su aceptaci\u00f3n a las condiciones generales recogidas en este aviso legal y siempre que esta sumisi\u00f3n sea posible, renuncia expresamente a cualquier fuero que, por aplicaci\u00f3n de la Ley de Enjuiciamiento Civil vigente pudiera corresponderle.<\/p>\n\n\t\t<\/div>\n\t<\/div>\n<\/div><\/div><\/div><\/div>\t<\/div>\n<\/div><\/div>\t\t<\/div>\n\t<\/div>\n<\/div><\/div><\/div><\/div><\/div><\/div><\/div><\/div>","protected":false},"excerpt":{"rendered":"INFORMACI\u00d3N LEGAL LSSIYCE De acuerdo con las obligaciones previstas en la Ley 34\/2002 de Servicios de la Sociedad de la [...]","protected":false},"author":1,"featured_media":0,"parent":0,"menu_order":0,"comment_status":"closed","ping_status":"closed","template":"full-width.php","meta":{"inline_featured_image":false,"footnotes":""},"class_list":["post-1811","page","type-page","status-publish","hentry"],"_links":{"self":[{"href":"https:\/\/brunetpublicitat.com\/ca\/wp-json\/wp\/v2\/pages\/1811"}],"collection":[{"href":"https:\/\/brunetpublicitat.com\/ca\/wp-json\/wp\/v2\/pages"}],"about":[{"href":"https:\/\/brunetpublicitat.com\/ca\/wp-json\/wp\/v2\/types\/page"}],"author":[{"embeddable":true,"href":"https:\/\/brunetpublicitat.com\/ca\/wp-json\/wp\/v2\/users\/1"}],"replies":[{"embeddable":true,"href":"https:\/\/brunetpublicitat.com\/ca\/wp-json\/wp\/v2\/comments?post=1811"}],"version-history":[{"count":0,"href":"https:\/\/brunetpublicitat.com\/ca\/wp-json\/wp\/v2\/pages\/1811\/revisions"}],"wp:attachment":[{"href":"https:\/\/brunetpublicitat.com\/ca\/wp-json\/wp\/v2\/media?parent=1811"}],"curies":[{"name":"wp","href":"https:\/\/api.w.org\/{rel}","templated":true}]}}