{"id":1766,"date":"2018-09-20T15:43:51","date_gmt":"2018-09-20T15:43:51","guid":{"rendered":"https:\/\/brunn.qodeinteractive.com\/?page_id=1766"},"modified":"2025-12-15T09:10:59","modified_gmt":"2025-12-15T09:10:59","slug":"contacto","status":"publish","type":"page","link":"https:\/\/brunetpublicitat.com\/ca\/contacto\/","title":{"rendered":"Contacte"},"content":{"rendered":"<div class=\"vc_row wpb_row vc_row-fluid\" ><div class=\"wpb_column vc_column_container vc_col-sm-12 vc_hidden-xs\"><div class=\"vc_column-inner\"><div class=\"wpb_wrapper\">\n\t<div class=\"wpb_text_column wpb_content_element\" >\n\t\t<div class=\"wpb_wrapper\">\n\t\t\t<div class=\"leaflet-map WPLeafletMap\" style=\"height:500px; width:100%;\"><\/div><script>\nwindow.WPLeafletMapPlugin = window.WPLeafletMapPlugin || [];\nwindow.WPLeafletMapPlugin.push(function WPLeafletMapShortcode() {\/*<script>*\/\nvar baseUrl = atob('aHR0cHM6Ly90aWxlLm9wZW5zdHJlZXRtYXAub3JnL3t6fS97eH0ve3l9LnBuZw==');\nvar base = (!baseUrl && window.MQ) ?\n    window.MQ.mapLayer() : L.tileLayer(baseUrl,\n        L.Util.extend({}, {\n            detectRetina: 0,\n        },\n        {\"subdomains\":\"abc\",\"noWrap\":false,\"maxZoom\":20}        )\n    );\n    var options = L.Util.extend({}, {\n        layers: [base],\n        attributionControl: false\n    },\n    {\"zoomControl\":false,\"scrollWheelZoom\":false,\"doubleClickZoom\":false,\"fitBounds\":false,\"minZoom\":1,\"maxZoom\":20,\"maxBounds\":null,\"attribution\":\"<a href=\\\"http:\\\/\\\/leafletjs.com\\\" title=\\\"A JS library for interactive maps\\\">Leaflet<\\\/a>; \\u00a9 <a href=\\\"http:\\\/\\\/www.openstreetmap.org\\\/copyright\\\">OpenStreetMap<\\\/a> contributors\"},\n    {});\nwindow.WPLeafletMapPlugin.createMap(options).setView([41.541526784238,2.1127299678412],15);});<\/script><br \/>\n<script>\nwindow.WPLeafletMapPlugin = window.WPLeafletMapPlugin || [];\nwindow.WPLeafletMapPlugin.push(function WPLeafletMarkerShortcode() {\/*<script>*\/\nvar map = window.WPLeafletMapPlugin.getCurrentMap();\nvar group = window.WPLeafletMapPlugin.getCurrentGroup();\nvar marker_options = window.WPLeafletMapPlugin.getIconOptions({});\nvar marker = L.marker(\n    [0,0],\n    marker_options\n);\nvar is_image = map.is_image_map;\n    marker.setLatLng( map.getCenter() );\nif (marker_options.draggable) {\n    marker.on('dragend', function () {\n        var latlng = this.getLatLng();\n        var lat = latlng.lat;\n        var lng = latlng.lng;\n        if (is_image) {\n            console.log('leaflet-marker y=' + lat + ' x=' + lng);\n        } else {\n            console.log('leaflet-marker lat=' + lat + ' lng=' + lng);\n        }\n    });\n}\nmarker.addTo( group );\nwindow.WPLeafletMapPlugin.markers.push( marker );\n        });<\/script><\/p>\n\n\t\t<\/div>\n\t<\/div>\n<\/div><\/div><\/div><\/div><div class=\"qodef-row-grid-section-wrapper\"  ><div class=\"qodef-row-grid-section\"><div class=\"vc_row wpb_row vc_row-fluid vc_custom_1607623438068\" ><div class=\"wpb_column vc_column_container vc_col-sm-12 vc_col-lg-5 vc_col-md-12\"><div class=\"vc_column-inner\"><div class=\"wpb_wrapper\"><div class=\"qodef-elements-holder   qodef-one-column  qodef-responsive-mode-768\" ><div class=\"qodef-eh-item\"  data-item-class=\"qodef-eh-custom-2671\" data-1367-1600=\"7px 92px 27px 0px\" data-1025-1366=\"29px 23px 20px 0px\" data-769-1024=\"0px 291px 93px 0px\" data-681-768=\"0px 161px 94px 0px\" data-680=\"0px 0px 73px 0px\">\n\t<div class=\"qodef-eh-item-inner\">\n\t\t<div class=\"qodef-eh-item-content qodef-eh-custom-2671\" style=\"padding: 7px 106px 0px 0px\">\n\t\t\t<div class=\"qodef-section-title-holder  qodef-st-standard qodef-st-title-left qodef-st-normal-space\" >\n\t<div class=\"qodef-st-inner\">\n\t\t            <div class=\"qodef-label\" style=\"margin-bottom:9px\">\n                <span class=\"qodef-label-line\" ><\/span>\n                <span class=\"qodef-label-text\" >CONTACTE AMB NOSALTRES<\/span>\n            <\/div>\n        \t\t\t<h1 class=\"qodef-st-title\" >\n\t\t\t\tPrenem un caf\u00e8 i ho parlem?\t\t\t<\/h1>\n\t\t        \t\t\t\t\t<p class=\"qodef-st-text\" style=\"margin-top: 20px\">\n\t\t\t\tLes idees formen part del nostre dia a dia. Segur que tamb\u00e9 hi ha per a tu. Pots reservar una reuni\u00f3 en l\u00ednia o presencial amb nostros a continuaci\u00f3.\nSi ho prefereixes, crida'ns o envia'ns un email i ens veiem.\t\t\t<\/p>\n\t\t\t<\/div>\n<\/div><div class=\"vc_empty_space\"   style=\"height: 33px\"><span class=\"vc_empty_space_inner\"><\/span><\/div><div class=\"qodef-iwt clearfix  qodef-iwt-icon-left qodef-iwt-icon-tiny\">\n\t<div class=\"qodef-iwt-icon\">\n\t\t\t\t\t<a itemprop=\"url\" href=\"https:\/\/www.google.com\/maps\/place\/Brunet+Publicitat\/@41.541554,2.1126744,15z\/data=!4m2!3m1!1s0x0:0x8425fe9e838a60da?sa=X&#038;ved=2ahUKEwj7kffVybXsAhWJx4UKHUIEDuwQ_BIwCnoECBEQBQ\" target=\"_self\">\n\t\t\t\t\t\t\t\t\t    <span class=\"qodef-icon-shortcode qodef-normal   qodef-icon-tiny\"  >\n                    <span aria-hidden=\"true\" class=\"qodef-icon-font-elegant icon_pin_alt qodef-icon-element\" style=\"\" ><\/span>            <\/span>\n\t\t\t\t\t\t\t\t<\/a>\n\t\t\t<\/div>\n\t<div class=\"qodef-iwt-content\" >\n\t\t\t\t\t<h4 class=\"qodef-iwt-title\" >\n\t\t\t\t\t\t\t\t\t<a itemprop=\"url\" href=\"https:\/\/www.google.com\/maps\/place\/Brunet+Publicitat\/@41.541554,2.1126744,15z\/data=!4m2!3m1!1s0x0:0x8425fe9e838a60da?sa=X&#038;ved=2ahUKEwj7kffVybXsAhWJx4UKHUIEDuwQ_BIwCnoECBEQBQ\" target=\"_self\">\n\t\t\t\t\t\t\t\t<span class=\"qodef-iwt-title-text\">Sant Oleguer, 77C - 08202 Sabadell<\/span>\n\t\t\t\t\t\t\t\t\t<\/a>\n\t\t\t\t\t\t\t<\/h4>\n\t\t        \t\t\t<\/div>\n<\/div><div class=\"vc_empty_space\"   style=\"height: 27px\"><span class=\"vc_empty_space_inner\"><\/span><\/div><div class=\"qodef-iwt clearfix  qodef-iwt-icon-left qodef-iwt-icon-tiny\">\n\t<div class=\"qodef-iwt-icon\">\n\t\t\t\t\t<a itemprop=\"url\" href=\"tel:%20937257928\" target=\"_self\">\n\t\t\t\t\t\t\t\t\t    <span class=\"qodef-icon-shortcode qodef-normal   qodef-icon-tiny\"  >\n                    <span aria-hidden=\"true\" class=\"qodef-icon-font-elegant icon_mobile qodef-icon-element\" style=\"\" ><\/span>            <\/span>\n\t\t\t\t\t\t\t\t<\/a>\n\t\t\t<\/div>\n\t<div class=\"qodef-iwt-content\" >\n\t\t\t\t\t<h4 class=\"qodef-iwt-title\" >\n\t\t\t\t\t\t\t\t\t<a itemprop=\"url\" href=\"tel:%20937257928\" target=\"_self\">\n\t\t\t\t\t\t\t\t<span class=\"qodef-iwt-title-text\">93 725 79 28<\/span>\n\t\t\t\t\t\t\t\t\t<\/a>\n\t\t\t\t\t\t\t<\/h4>\n\t\t        \t\t\t<\/div>\n<\/div><div class=\"vc_empty_space\"   style=\"height: 27px\"><span class=\"vc_empty_space_inner\"><\/span><\/div><div class=\"qodef-iwt clearfix  qodef-iwt-icon-left qodef-iwt-icon-tiny\">\n\t<div class=\"qodef-iwt-icon\">\n\t\t\t\t\t<a itemprop=\"url\" href=\"mailto:%20brunet@brunetpublicitat.com\" target=\"_self\">\n\t\t\t\t\t\t\t\t\t    <span class=\"qodef-icon-shortcode qodef-normal   qodef-icon-tiny\"  >\n                    <span aria-hidden=\"true\" class=\"qodef-icon-font-elegant icon_mail_alt qodef-icon-element\" style=\"\" ><\/span>            <\/span>\n\t\t\t\t\t\t\t\t<\/a>\n\t\t\t<\/div>\n\t<div class=\"qodef-iwt-content\" >\n\t\t\t\t\t<h4 class=\"qodef-iwt-title\" >\n\t\t\t\t\t\t\t\t\t<a itemprop=\"url\" href=\"mailto:%20brunet@brunetpublicitat.com\" target=\"_self\">\n\t\t\t\t\t\t\t\t<span class=\"qodef-iwt-title-text\">brunet@brunetpublicitat.com<\/span>\n\t\t\t\t\t\t\t\t\t<\/a>\n\t\t\t\t\t\t\t<\/h4>\n\t\t        \t\t\t<\/div>\n<\/div><div class=\"vc_empty_space\"   style=\"height: 27px\"><span class=\"vc_empty_space_inner\"><\/span><\/div><div class=\"qodef-iwt clearfix  qodef-iwt-icon-left qodef-iwt-icon-tiny\">\n\t<div class=\"qodef-iwt-icon\">\n\t\t\t\t\t<a itemprop=\"url\" href=\"https:\/\/wa.me\/34661252503\" target=\"_self\">\n\t\t\t\t\t\t\t\t\t<img decoding=\"async\" width=\"20\" height=\"20\" src=\"https:\/\/brunetpublicitat.com\/wp-content\/uploads\/2024\/07\/whatsapp_152740-20x20-1.png\" class=\"attachment-full size-full\" alt=\"Whatsapp Icon\" \/>\t\t\t\t\t\t\t\t<\/a>\n\t\t\t<\/div>\n\t<div class=\"qodef-iwt-content\" >\n\t\t\t\t\t<h4 class=\"qodef-iwt-title\" >\n\t\t\t\t\t\t\t\t\t<a itemprop=\"url\" href=\"https:\/\/wa.me\/34661252503\" target=\"_self\">\n\t\t\t\t\t\t\t\t<span class=\"qodef-iwt-title-text\">WhatsApp<\/span>\n\t\t\t\t\t\t\t\t\t<\/a>\n\t\t\t\t\t\t\t<\/h4>\n\t\t        \t\t\t<\/div>\n<\/div>\t\t<\/div>\n\t<\/div>\n<\/div><\/div><\/div><\/div><\/div><div class=\"wpb_column vc_column_container vc_col-sm-12 vc_col-lg-7 vc_col-md-12\"><div class=\"vc_column-inner\"><div class=\"wpb_wrapper\"><div class=\"qodef-elements-holder   qodef-one-column  qodef-responsive-mode-768\" ><div class=\"qodef-eh-item\"  data-item-class=\"qodef-eh-custom-2072\" data-1367-1600=\"47px 0px 0px 100px\" data-1025-1366=\"69px 0px 0px 100px\" data-769-1024=\"0px 0px 0px 0px\" data-681-768=\"0px 0px 0px 0px\" data-680=\"0px 0px 0px 0px\">\n\t<div class=\"qodef-eh-item-inner\">\n\t\t<div class=\"qodef-eh-item-content qodef-eh-custom-2072\" style=\"padding: 48px 0px 0px 110px\">\n\t\t\t<div class=\"qodef-section-title-holder  qodef-st-standard qodef-st-title-left qodef-st-normal-space\" >\n\t<div class=\"qodef-st-inner\">\n\t\t\t\t\t<h2 class=\"qodef-st-title\" >\n\t\t\t\tFormulari\t\t\t<\/h2>\n\t\t        \t\t\t<\/div>\n<\/div>\n\t<div class=\"wpb_raw_code wpb_content_element wpb_raw_html\" >\n\t\t<div class=\"wpb_wrapper\">\n\t\t\t<iframe frameborder=\"0\" style=\"height:750px;width:100%;border:none;\" src='https:\/\/forms.zohopublic.eu\/brunet\/form\/FORMCONTACTOWEBMC\/formperma\/HuVLeRDKcQO3EyhhzF7BOXDfcW6im839S5QNGNnqNnw' scrolling=\"no\"><\/iframe>\n\t\t<\/div>\n\t<\/div>\n\t\t<\/div>\n\t<\/div>\n<\/div><\/div><\/div><\/div><\/div><\/div><\/div><\/div>","protected":false},"excerpt":{"rendered":"CONTACTA CON NOSOTROS \u00bfTomamos un caf\u00e9 y lo hablamos? Las ideas forman parte de nuestro d\u00eda a d\u00eda. Seguro que [...]","protected":false},"author":1,"featured_media":0,"parent":0,"menu_order":0,"comment_status":"closed","ping_status":"closed","template":"full-width.php","meta":{"inline_featured_image":false,"footnotes":""},"class_list":["post-1766","page","type-page","status-publish","hentry"],"_links":{"self":[{"href":"https:\/\/brunetpublicitat.com\/ca\/wp-json\/wp\/v2\/pages\/1766"}],"collection":[{"href":"https:\/\/brunetpublicitat.com\/ca\/wp-json\/wp\/v2\/pages"}],"about":[{"href":"https:\/\/brunetpublicitat.com\/ca\/wp-json\/wp\/v2\/types\/page"}],"author":[{"embeddable":true,"href":"https:\/\/brunetpublicitat.com\/ca\/wp-json\/wp\/v2\/users\/1"}],"replies":[{"embeddable":true,"href":"https:\/\/brunetpublicitat.com\/ca\/wp-json\/wp\/v2\/comments?post=1766"}],"version-history":[{"count":1,"href":"https:\/\/brunetpublicitat.com\/ca\/wp-json\/wp\/v2\/pages\/1766\/revisions"}],"predecessor-version":[{"id":8417,"href":"https:\/\/brunetpublicitat.com\/ca\/wp-json\/wp\/v2\/pages\/1766\/revisions\/8417"}],"wp:attachment":[{"href":"https:\/\/brunetpublicitat.com\/ca\/wp-json\/wp\/v2\/media?parent=1766"}],"curies":[{"name":"wp","href":"https:\/\/api.w.org\/{rel}","templated":true}]}}